{"id":35901,"date":"2022-09-20T10:46:40","date_gmt":"2022-09-20T08:46:40","guid":{"rendered":"https:\/\/doll.shop\/produkt\/conjunto-sexy-con-joyas\/"},"modified":"2026-03-11T06:13:44","modified_gmt":"2026-03-11T05:13:44","slug":"conjunto-sexy-con-joyas","status":"publish","type":"product","link":"https:\/\/doll.shop\/es\/productos\/conjunto-sexy-con-joyas\/","title":{"rendered":"Conjunto sexy con joyas"},"content":{"rendered":"","protected":false},"excerpt":{"rendered":"<p>Doll.shop te ofrece la oportunidad de vestir a tu mu\u00f1eca sexual para diferentes ocasiones. Este \u00abconjunto sexy\u00bb es una prenda hermosa y seductora. Este conjunto se ha dise\u00f1ado especialmente para mu\u00f1ecas, por lo que seguro que se adapta perfectamente a tu mu\u00f1eca sexual. Adem\u00e1s, este conjunto se adapta a muchos modelos diferentes como un guante.<\/p>\n<p>Este conjunto consta de tres piezas: una faldita, un top y joyas.<\/p>\n","protected":false},"featured_media":36539,"comment_status":"open","ping_status":"closed","template":"","meta":[],"product_brand":[],"product_cat":[1036],"product_tag":[],"class_list":{"0":"post-35901","1":"product","2":"type-product","3":"status-publish","4":"has-post-thumbnail","6":"product_cat-accesorios-para-tu-muneca-sexual","7":"product_shipping_class-pequeno","9":"first","10":"outofstock","11":"taxable","12":"shipping-taxable","13":"purchasable","14":"product-type-simple"},"_links":{"self":[{"href":"https:\/\/doll.shop\/es\/wp-json\/wp\/v2\/product\/35901","targetHints":{"allow":["GET"]}}],"collection":[{"href":"https:\/\/doll.shop\/es\/wp-json\/wp\/v2\/product"}],"about":[{"href":"https:\/\/doll.shop\/es\/wp-json\/wp\/v2\/types\/product"}],"replies":[{"embeddable":true,"href":"https:\/\/doll.shop\/es\/wp-json\/wp\/v2\/comments?post=35901"}],"wp:featuredmedia":[{"embeddable":true,"href":"https:\/\/doll.shop\/es\/wp-json\/wp\/v2\/media\/36539"}],"wp:attachment":[{"href":"https:\/\/doll.shop\/es\/wp-json\/wp\/v2\/media?parent=35901"}],"wp:term":[{"taxonomy":"product_brand","embeddable":true,"href":"https:\/\/doll.shop\/es\/wp-json\/wp\/v2\/product_brand?post=35901"},{"taxonomy":"product_cat","embeddable":true,"href":"https:\/\/doll.shop\/es\/wp-json\/wp\/v2\/product_cat?post=35901"},{"taxonomy":"product_tag","embeddable":true,"href":"https:\/\/doll.shop\/es\/wp-json\/wp\/v2\/product_tag?post=35901"}],"curies":[{"name":"wp","href":"https:\/\/api.w.org\/{rel}","templated":true}]}}