{"id":35836,"date":"2022-09-20T10:11:30","date_gmt":"2022-09-20T08:11:30","guid":{"rendered":"https:\/\/doll.shop\/produkt\/insercion-transexual\/"},"modified":"2026-04-20T12:35:35","modified_gmt":"2026-04-20T10:35:35","slug":"insercion-transexual","status":"publish","type":"product","link":"https:\/\/doll.shop\/es\/productos\/insercion-transexual\/","title":{"rendered":"Inserci\u00f3n transexual"},"content":{"rendered":"","protected":false},"excerpt":{"rendered":"<p>Si te gusta divertirte en la cama con tu pareja, una inserci\u00f3n transexual podr\u00eda ser la opci\u00f3n perfecta para ti. As\u00ed podr\u00e9is utilizar juntos vuestra mu\u00f1eca sexual. El inserto para transexuales es muy f\u00e1cil de colocar en la vagina. El aspecto es muy realista y se asemeja mucho a la apariencia de un pene real. Actualmente s\u00f3lo hay existencias de la versi\u00f3n de 15 cm. Sin embargo, este inserto es universal y se adapta a todas las mu\u00f1ecas sexuales de cualquier marca.<\/p>\n","protected":false},"featured_media":35837,"comment_status":"open","ping_status":"closed","template":"","meta":[],"product_brand":[],"product_cat":[1036],"product_tag":[],"class_list":{"0":"post-35836","1":"product","2":"type-product","3":"status-publish","4":"has-post-thumbnail","6":"product_cat-accesorios-para-tu-muneca-sexual","7":"product_shipping_class-pequeno","9":"first","10":"instock","11":"taxable","12":"shipping-taxable","13":"purchasable","14":"product-type-simple"},"_links":{"self":[{"href":"https:\/\/doll.shop\/es\/wp-json\/wp\/v2\/product\/35836","targetHints":{"allow":["GET"]}}],"collection":[{"href":"https:\/\/doll.shop\/es\/wp-json\/wp\/v2\/product"}],"about":[{"href":"https:\/\/doll.shop\/es\/wp-json\/wp\/v2\/types\/product"}],"replies":[{"embeddable":true,"href":"https:\/\/doll.shop\/es\/wp-json\/wp\/v2\/comments?post=35836"}],"wp:featuredmedia":[{"embeddable":true,"href":"https:\/\/doll.shop\/es\/wp-json\/wp\/v2\/media\/35837"}],"wp:attachment":[{"href":"https:\/\/doll.shop\/es\/wp-json\/wp\/v2\/media?parent=35836"}],"wp:term":[{"taxonomy":"product_brand","embeddable":true,"href":"https:\/\/doll.shop\/es\/wp-json\/wp\/v2\/product_brand?post=35836"},{"taxonomy":"product_cat","embeddable":true,"href":"https:\/\/doll.shop\/es\/wp-json\/wp\/v2\/product_cat?post=35836"},{"taxonomy":"product_tag","embeddable":true,"href":"https:\/\/doll.shop\/es\/wp-json\/wp\/v2\/product_tag?post=35836"}],"curies":[{"name":"wp","href":"https:\/\/api.w.org\/{rel}","templated":true}]}}