{"id":35835,"date":"2022-10-27T09:39:50","date_gmt":"2022-10-27T07:39:50","guid":{"rendered":"https:\/\/doll.shop\/produkt\/firedoll-sarina-166-cm\/"},"modified":"2026-04-22T11:32:11","modified_gmt":"2026-04-22T09:32:11","slug":"firedoll-sarina-166-cm","status":"publish","type":"product","link":"https:\/\/doll.shop\/es\/productos\/firedoll-sarina-166-cm\/","title":{"rendered":"Firedoll Sarina | 166 cm"},"content":{"rendered":"","protected":false},"excerpt":{"rendered":"<p>Sarina es una mu\u00f1eca del amor de alta calidad de la marca Firedoll con una altura de 166 cm. \u00a1Esta se\u00f1ora lo tiene todo! No subestimes a esta belleza, porque tambi\u00e9n puede ser muy salvaje.<\/p>\n<p>Actualmente es posible comprar esta maravillosa mu\u00f1eca sexual a un precio absolutamente justo en Doll.shop. Somos el proveedor m\u00e1s barato de mu\u00f1ecas del amor realistas de toda Alemania. Aseg\u00farate de comprar tu nueva mu\u00f1eca sexual en Doll.shop, tu tienda de confianza.<\/p>\n","protected":false},"featured_media":35838,"comment_status":"open","ping_status":"closed","template":"","meta":[],"product_brand":[],"product_cat":[1017,983],"product_tag":[],"class_list":{"0":"post-35835","1":"product","2":"type-product","3":"status-publish","4":"has-post-thumbnail","6":"product_cat-firedoll-es","7":"product_cat-munecas-sexuales","8":"pa_brand-firedoll-es","10":"first","11":"instock","12":"sale","13":"taxable","14":"shipping-taxable","15":"purchasable","16":"product-type-simple"},"_links":{"self":[{"href":"https:\/\/doll.shop\/es\/wp-json\/wp\/v2\/product\/35835","targetHints":{"allow":["GET"]}}],"collection":[{"href":"https:\/\/doll.shop\/es\/wp-json\/wp\/v2\/product"}],"about":[{"href":"https:\/\/doll.shop\/es\/wp-json\/wp\/v2\/types\/product"}],"replies":[{"embeddable":true,"href":"https:\/\/doll.shop\/es\/wp-json\/wp\/v2\/comments?post=35835"}],"wp:featuredmedia":[{"embeddable":true,"href":"https:\/\/doll.shop\/es\/wp-json\/wp\/v2\/media\/35838"}],"wp:attachment":[{"href":"https:\/\/doll.shop\/es\/wp-json\/wp\/v2\/media?parent=35835"}],"wp:term":[{"taxonomy":"product_brand","embeddable":true,"href":"https:\/\/doll.shop\/es\/wp-json\/wp\/v2\/product_brand?post=35835"},{"taxonomy":"product_cat","embeddable":true,"href":"https:\/\/doll.shop\/es\/wp-json\/wp\/v2\/product_cat?post=35835"},{"taxonomy":"product_tag","embeddable":true,"href":"https:\/\/doll.shop\/es\/wp-json\/wp\/v2\/product_tag?post=35835"}],"curies":[{"name":"wp","href":"https:\/\/api.w.org\/{rel}","templated":true}]}}