{"id":35803,"date":"2022-09-20T11:04:21","date_gmt":"2022-09-20T09:04:21","guid":{"rendered":"https:\/\/doll.shop\/produkt\/par-de-ojos-adicional\/"},"modified":"2026-04-10T20:31:11","modified_gmt":"2026-04-10T18:31:11","slug":"par-de-ojos-adicional","status":"publish","type":"product","link":"https:\/\/doll.shop\/es\/productos\/par-de-ojos-adicional\/","title":{"rendered":"Par de ojos adicional"},"content":{"rendered":"","protected":false},"excerpt":{"rendered":"<p>\u00a1Compra un par de ojos extra para tu mu\u00f1eca sexual!<\/p>\n<p>De esta forma puedes dar r\u00e1pidamente a tu mu\u00f1eca sexual un aspecto completamente diferente. Puedes encargar ojos de distintos colores en Doll.shop para tener m\u00e1s variedad en tu vida con tu mu\u00f1eca sexual. Elige entre los colores azul, verde, marr\u00f3n y negro. Te garantizamos que encontrar\u00e1s un color que vaya bien con tu mu\u00f1eca sexual. \u00a1Los pares de ojos que puedes encargarnos se adaptan a todas las mu\u00f1ecas sexuales de cualquier marca!<\/p>\n","protected":false},"featured_media":35833,"comment_status":"open","ping_status":"closed","template":"","meta":[],"product_brand":[],"product_cat":[1036],"product_tag":[],"class_list":{"0":"post-35803","1":"product","2":"type-product","3":"status-publish","4":"has-post-thumbnail","6":"product_cat-accesorios-para-tu-muneca-sexual","7":"product_shipping_class-pequeno","9":"first","10":"instock","11":"taxable","12":"shipping-taxable","13":"purchasable","14":"product-type-variable"},"_links":{"self":[{"href":"https:\/\/doll.shop\/es\/wp-json\/wp\/v2\/product\/35803","targetHints":{"allow":["GET"]}}],"collection":[{"href":"https:\/\/doll.shop\/es\/wp-json\/wp\/v2\/product"}],"about":[{"href":"https:\/\/doll.shop\/es\/wp-json\/wp\/v2\/types\/product"}],"replies":[{"embeddable":true,"href":"https:\/\/doll.shop\/es\/wp-json\/wp\/v2\/comments?post=35803"}],"wp:featuredmedia":[{"embeddable":true,"href":"https:\/\/doll.shop\/es\/wp-json\/wp\/v2\/media\/35833"}],"wp:attachment":[{"href":"https:\/\/doll.shop\/es\/wp-json\/wp\/v2\/media?parent=35803"}],"wp:term":[{"taxonomy":"product_brand","embeddable":true,"href":"https:\/\/doll.shop\/es\/wp-json\/wp\/v2\/product_brand?post=35803"},{"taxonomy":"product_cat","embeddable":true,"href":"https:\/\/doll.shop\/es\/wp-json\/wp\/v2\/product_cat?post=35803"},{"taxonomy":"product_tag","embeddable":true,"href":"https:\/\/doll.shop\/es\/wp-json\/wp\/v2\/product_tag?post=35803"}],"curies":[{"name":"wp","href":"https:\/\/api.w.org\/{rel}","templated":true}]}}