{"id":35801,"date":"2022-09-20T10:49:59","date_gmt":"2022-09-20T08:49:59","guid":{"rendered":"https:\/\/doll.shop\/produkt\/ropa-interior-para-una-muneca-sexual\/"},"modified":"2026-03-11T06:43:57","modified_gmt":"2026-03-11T05:43:57","slug":"ropa-interior-para-una-muneca-sexual","status":"publish","type":"product","link":"https:\/\/doll.shop\/es\/productos\/ropa-interior-para-una-muneca-sexual\/","title":{"rendered":"Ropa interior para una mu\u00f1eca sexual"},"content":{"rendered":"","protected":false},"excerpt":{"rendered":"<p>Muchas mujeres gastan mucho dinero en lencer\u00eda bonita, y no sin raz\u00f3n. Un sujetador bonito puede mostrar mucho mejor los pechos de una mujer, as\u00ed como los pechos de una mu\u00f1eca sexual. \u00bfTe imaginas esta preciosa ropa interior en tu mu\u00f1eca del amor? Si te apetece pasar un rato rom\u00e1ntico con tu mu\u00f1eca, deber\u00edas pens\u00e1rtelo dos veces antes de comprar esta ropa interior.<\/p>\n","protected":false},"featured_media":939274,"comment_status":"open","ping_status":"closed","template":"","meta":[],"product_brand":[],"product_cat":[1036],"product_tag":[],"class_list":{"0":"post-35801","1":"product","2":"type-product","3":"status-publish","4":"has-post-thumbnail","6":"product_cat-accesorios-para-tu-muneca-sexual","7":"product_shipping_class-pequeno","9":"first","10":"outofstock","11":"taxable","12":"shipping-taxable","13":"purchasable","14":"product-type-simple"},"_links":{"self":[{"href":"https:\/\/doll.shop\/es\/wp-json\/wp\/v2\/product\/35801","targetHints":{"allow":["GET"]}}],"collection":[{"href":"https:\/\/doll.shop\/es\/wp-json\/wp\/v2\/product"}],"about":[{"href":"https:\/\/doll.shop\/es\/wp-json\/wp\/v2\/types\/product"}],"replies":[{"embeddable":true,"href":"https:\/\/doll.shop\/es\/wp-json\/wp\/v2\/comments?post=35801"}],"wp:featuredmedia":[{"embeddable":true,"href":"https:\/\/doll.shop\/es\/wp-json\/wp\/v2\/media\/939274"}],"wp:attachment":[{"href":"https:\/\/doll.shop\/es\/wp-json\/wp\/v2\/media?parent=35801"}],"wp:term":[{"taxonomy":"product_brand","embeddable":true,"href":"https:\/\/doll.shop\/es\/wp-json\/wp\/v2\/product_brand?post=35801"},{"taxonomy":"product_cat","embeddable":true,"href":"https:\/\/doll.shop\/es\/wp-json\/wp\/v2\/product_cat?post=35801"},{"taxonomy":"product_tag","embeddable":true,"href":"https:\/\/doll.shop\/es\/wp-json\/wp\/v2\/product_tag?post=35801"}],"curies":[{"name":"wp","href":"https:\/\/api.w.org\/{rel}","templated":true}]}}