{"id":35800,"date":"2022-09-19T08:13:06","date_gmt":"2022-09-19T06:13:06","guid":{"rendered":"https:\/\/doll.shop\/produkt\/firedoll-lisa-marie-166-cm\/"},"modified":"2026-04-22T11:32:15","modified_gmt":"2026-04-22T09:32:15","slug":"firedoll-lisa-marie-166-cm","status":"publish","type":"product","link":"https:\/\/doll.shop\/es\/productos\/firedoll-lisa-marie-166-cm\/","title":{"rendered":"Firedoll Lisa-Marie | 166 cm"},"content":{"rendered":"","protected":false},"excerpt":{"rendered":"<p>Una cosa es cierta: \u00a1raramente se ve tanta belleza! Firedoll Lisa-Marie es realmente \u00fanica. Si vieras a esta mujer por la calle, probablemente no creer\u00edas lo que ven tus ojos. No te preocupes, no tienes que pellizcarte para comprobar si sigues dormido. \u00a1Esta es la realidad! Doll.shop, tu tienda de confianza, vuelve a tener una mu\u00f1eca sexual realmente carism\u00e1tica en reserva para ti. Si buscas una mujer muy activa, con un cuerpo deportivo y una cara bonita, no puedes perderte a Lisa-Marie de Firedoll. Lisa-Marie mide 166 cm y destaca por sus piernas largas y esbeltas. No tiene absolutamente nada de grasa. Las curvas de esta mu\u00f1eca sexual la convierten en una aut\u00e9ntica atracci\u00f3n. Lisa-Marie tiene un hermoso escote y un trasero bien formado. Gracias a la figura deportiva de esta mu\u00f1eca del amor, puedes estar seguro de que nunca te aburrir\u00e1s con ella. Lisa-Marie te mimar\u00e1 d\u00eda y noche y cumplir\u00e1 todos tus deseos. \u00a1Emb\u00e1rcate en esta aventura y conoce ahora a Lisa-Marie!<\/p>\n","protected":false},"featured_media":35802,"comment_status":"open","ping_status":"closed","template":"","meta":[],"product_brand":[],"product_cat":[1017,983],"product_tag":[],"class_list":{"0":"post-35800","1":"product","2":"type-product","3":"status-publish","4":"has-post-thumbnail","6":"product_cat-firedoll-es","7":"product_cat-munecas-sexuales","8":"pa_brand-firedoll-es","10":"first","11":"instock","12":"sale","13":"featured","14":"taxable","15":"shipping-taxable","16":"purchasable","17":"product-type-simple"},"_links":{"self":[{"href":"https:\/\/doll.shop\/es\/wp-json\/wp\/v2\/product\/35800","targetHints":{"allow":["GET"]}}],"collection":[{"href":"https:\/\/doll.shop\/es\/wp-json\/wp\/v2\/product"}],"about":[{"href":"https:\/\/doll.shop\/es\/wp-json\/wp\/v2\/types\/product"}],"replies":[{"embeddable":true,"href":"https:\/\/doll.shop\/es\/wp-json\/wp\/v2\/comments?post=35800"}],"wp:featuredmedia":[{"embeddable":true,"href":"https:\/\/doll.shop\/es\/wp-json\/wp\/v2\/media\/35802"}],"wp:attachment":[{"href":"https:\/\/doll.shop\/es\/wp-json\/wp\/v2\/media?parent=35800"}],"wp:term":[{"taxonomy":"product_brand","embeddable":true,"href":"https:\/\/doll.shop\/es\/wp-json\/wp\/v2\/product_brand?post=35800"},{"taxonomy":"product_cat","embeddable":true,"href":"https:\/\/doll.shop\/es\/wp-json\/wp\/v2\/product_cat?post=35800"},{"taxonomy":"product_tag","embeddable":true,"href":"https:\/\/doll.shop\/es\/wp-json\/wp\/v2\/product_tag?post=35800"}],"curies":[{"name":"wp","href":"https:\/\/api.w.org\/{rel}","templated":true}]}}