{"id":35760,"date":"2022-09-19T08:11:31","date_gmt":"2022-09-19T06:11:31","guid":{"rendered":"https:\/\/doll.shop\/produkt\/firedoll-laila-166-cm\/"},"modified":"2026-04-22T11:19:09","modified_gmt":"2026-04-22T09:19:09","slug":"firedoll-laila-166-cm","status":"publish","type":"product","link":"https:\/\/doll.shop\/es\/productos\/firedoll-laila-166-cm\/","title":{"rendered":"Firedoll Laila | 166 cm"},"content":{"rendered":"","protected":false},"excerpt":{"rendered":"<p>Firedoll Laila simplemente parece un hermoso \u00e1ngel. Es muy dif\u00edcil dejar de mirar a esta dama una vez que has puesto los ojos en esta impresionante belleza por primera vez. Laila tiene el cuerpo de una top model. Todo en ella es sencillamente perfecto. Tiene una figura muy esbelta y deportiva y bellas curvas femeninas en todos los lugares adecuados. En comparaci\u00f3n con su f\u00edsico esbelto, esta mu\u00f1eca sexual tiene un busto bastante grande. Firedoll es conocida por producir mu\u00f1ecas del amor extremadamente realistas. Laila la mu\u00f1eca sexual lo demuestra una vez m\u00e1s. Laila tiene una mirada muy penetrante. Cuando esta belleza de ojos azules cristalinos te mira con su profunda mirada, el coraz\u00f3n de la mayor\u00eda de los hombres se debilita. \u00bfA qu\u00e9 esperas? Haz tu pedido ahora en Doll.shop, la tienda m\u00e1s barata de Espa\u00f1a.<\/p>\n","protected":false},"featured_media":35761,"comment_status":"open","ping_status":"closed","template":"","meta":[],"product_brand":[],"product_cat":[1017,983],"product_tag":[],"class_list":{"0":"post-35760","1":"product","2":"type-product","3":"status-publish","4":"has-post-thumbnail","6":"product_cat-firedoll-es","7":"product_cat-munecas-sexuales","8":"pa_brand-firedoll-es","10":"first","11":"instock","12":"sale","13":"taxable","14":"shipping-taxable","15":"purchasable","16":"product-type-simple"},"_links":{"self":[{"href":"https:\/\/doll.shop\/es\/wp-json\/wp\/v2\/product\/35760","targetHints":{"allow":["GET"]}}],"collection":[{"href":"https:\/\/doll.shop\/es\/wp-json\/wp\/v2\/product"}],"about":[{"href":"https:\/\/doll.shop\/es\/wp-json\/wp\/v2\/types\/product"}],"replies":[{"embeddable":true,"href":"https:\/\/doll.shop\/es\/wp-json\/wp\/v2\/comments?post=35760"}],"wp:featuredmedia":[{"embeddable":true,"href":"https:\/\/doll.shop\/es\/wp-json\/wp\/v2\/media\/35761"}],"wp:attachment":[{"href":"https:\/\/doll.shop\/es\/wp-json\/wp\/v2\/media?parent=35760"}],"wp:term":[{"taxonomy":"product_brand","embeddable":true,"href":"https:\/\/doll.shop\/es\/wp-json\/wp\/v2\/product_brand?post=35760"},{"taxonomy":"product_cat","embeddable":true,"href":"https:\/\/doll.shop\/es\/wp-json\/wp\/v2\/product_cat?post=35760"},{"taxonomy":"product_tag","embeddable":true,"href":"https:\/\/doll.shop\/es\/wp-json\/wp\/v2\/product_tag?post=35760"}],"curies":[{"name":"wp","href":"https:\/\/api.w.org\/{rel}","templated":true}]}}