{"id":35653,"date":"2022-08-06T09:14:06","date_gmt":"2022-08-06T07:14:06","guid":{"rendered":"https:\/\/doll.shop\/produkt\/muneca-wm-babette-172-cm\/"},"modified":"2026-03-10T19:57:24","modified_gmt":"2026-03-10T18:57:24","slug":"muneca-wm-babette-172-cm","status":"publish","type":"product","link":"https:\/\/doll.shop\/es\/productos\/muneca-wm-babette-172-cm\/","title":{"rendered":"WM Doll Babette | 172 cm"},"content":{"rendered":"","protected":false},"excerpt":{"rendered":"<p>WM Doll Babette es una mujer realmente loca incluso sin las joyas faciales de las fotos. Ten en cuenta que los piercings y pendientes que aparecen en las fotos no se incluyen con esta mu\u00f1eca del amor. Pero los detalles de las fotos te ayudar\u00e1n a comprender lo salvaje que es realmente esta dama. Babette es una mujer muy alta, con una longitud de 172 cm. Es muy deportista y rebosa energ\u00eda. Babette tiene una cara adorable, unas piernas muy largas y un cuerpo incre\u00edblemente delgado. Esta morena tiene unos pechos relativamente peque\u00f1os, pero realmente perfectos, que se adaptan perfectamente a su f\u00edsico. Tambi\u00e9n tiene un trasero precioso que realza su figura casi perfecta. Cuando veas a Babette en la vida real por primera vez, puede que te preguntes si est\u00e1s so\u00f1ando. Pero no tienes que preocuparte por eso. Babette es real y es al menos tan irresistible en la vida real como en las fotos.<\/p>\n","protected":false},"featured_media":35673,"comment_status":"open","ping_status":"closed","template":"","meta":[],"product_brand":[],"product_cat":[984,983],"product_tag":[],"class_list":{"0":"post-35653","1":"product","2":"type-product","3":"status-publish","4":"has-post-thumbnail","6":"product_cat-wmdoll-es","7":"product_cat-munecas-sexuales","8":"pa_brand-muneca-wm-es-es","10":"first","11":"onbackorder","12":"taxable","13":"shipping-taxable","14":"purchasable","15":"product-type-simple"},"_links":{"self":[{"href":"https:\/\/doll.shop\/es\/wp-json\/wp\/v2\/product\/35653","targetHints":{"allow":["GET"]}}],"collection":[{"href":"https:\/\/doll.shop\/es\/wp-json\/wp\/v2\/product"}],"about":[{"href":"https:\/\/doll.shop\/es\/wp-json\/wp\/v2\/types\/product"}],"replies":[{"embeddable":true,"href":"https:\/\/doll.shop\/es\/wp-json\/wp\/v2\/comments?post=35653"}],"wp:featuredmedia":[{"embeddable":true,"href":"https:\/\/doll.shop\/es\/wp-json\/wp\/v2\/media\/35673"}],"wp:attachment":[{"href":"https:\/\/doll.shop\/es\/wp-json\/wp\/v2\/media?parent=35653"}],"wp:term":[{"taxonomy":"product_brand","embeddable":true,"href":"https:\/\/doll.shop\/es\/wp-json\/wp\/v2\/product_brand?post=35653"},{"taxonomy":"product_cat","embeddable":true,"href":"https:\/\/doll.shop\/es\/wp-json\/wp\/v2\/product_cat?post=35653"},{"taxonomy":"product_tag","embeddable":true,"href":"https:\/\/doll.shop\/es\/wp-json\/wp\/v2\/product_tag?post=35653"}],"curies":[{"name":"wp","href":"https:\/\/api.w.org\/{rel}","templated":true}]}}