{"id":35652,"date":"2022-09-08T10:20:42","date_gmt":"2022-09-08T08:20:42","guid":{"rendered":"https:\/\/doll.shop\/produkt\/muneca-ak-annabel-175cm\/"},"modified":"2026-03-10T23:49:37","modified_gmt":"2026-03-10T22:49:37","slug":"muneca-ak-annabel-175cm","status":"publish","type":"product","link":"https:\/\/doll.shop\/es\/productos\/muneca-ak-annabel-175cm\/","title":{"rendered":"AK Doll Annabel | 175cm"},"content":{"rendered":"","protected":false},"excerpt":{"rendered":"<p>\u00bfSab\u00edas que AK Doll fabrica mu\u00f1ecas sexuales premium de silicona? Por supuesto, tambi\u00e9n tenemos esos modelos para ti en Doll.shop. Esta morena muy alta est\u00e1 hecha totalmente de silicona. Con una altura de 175 cm, esta mu\u00f1eca del amor es realmente impresionante. Adem\u00e1s, gracias al material utilizado, esta mu\u00f1eca es a\u00fan m\u00e1s realista que una mu\u00f1eca sexual de TPE. Los modelos de silicona tienen un grado de realismo realmente asombroso. El peso de una mu\u00f1eca suele influir mucho en su manejabilidad. A pesar del gran tama\u00f1o de esta dama, s\u00f3lo pesa 38 kilos. Esto tiene mucho que ver con el material del mu\u00f1eco (silicona), ya que este material es algo m\u00e1s ligero que el TPE.<\/p>\n<p>Esta mu\u00f1eca del amor tiene una cara preciosa y un cuerpo de ensue\u00f1o. Tiene unos pechos maravillosos y perfectamente formados. Tiene el pelo largo y negro, lo que le da un aspecto muy noble. Gracias a los pechos de gel que tiene esta mu\u00f1eca de silicona de AK Doll, los pechos parecen ultrarrealistas. Esta mu\u00f1eca tambi\u00e9n tiene una complexi\u00f3n delgada, con un vientre plano y unas piernas muy largas, que pueden volverte loco r\u00e1pidamente.<\/p>\n<p>Ten en cuenta que suministramos todos los modelos con una peluca extra\u00edble de serie. Si quieres una peluca implantada, ponte en contacto con nosotros para obtener m\u00e1s informaci\u00f3n.<\/p>\n","protected":false},"featured_media":35654,"comment_status":"open","ping_status":"closed","template":"","meta":[],"product_brand":[],"product_cat":[1035,983],"product_tag":[],"class_list":{"0":"post-35652","1":"product","2":"type-product","3":"status-publish","4":"has-post-thumbnail","6":"product_cat-akdoll-es","7":"product_cat-munecas-sexuales","8":"pa_brand-muneca-ak","10":"first","11":"onbackorder","12":"taxable","13":"shipping-taxable","14":"purchasable","15":"product-type-simple"},"_links":{"self":[{"href":"https:\/\/doll.shop\/es\/wp-json\/wp\/v2\/product\/35652","targetHints":{"allow":["GET"]}}],"collection":[{"href":"https:\/\/doll.shop\/es\/wp-json\/wp\/v2\/product"}],"about":[{"href":"https:\/\/doll.shop\/es\/wp-json\/wp\/v2\/types\/product"}],"replies":[{"embeddable":true,"href":"https:\/\/doll.shop\/es\/wp-json\/wp\/v2\/comments?post=35652"}],"wp:featuredmedia":[{"embeddable":true,"href":"https:\/\/doll.shop\/es\/wp-json\/wp\/v2\/media\/35654"}],"wp:attachment":[{"href":"https:\/\/doll.shop\/es\/wp-json\/wp\/v2\/media?parent=35652"}],"wp:term":[{"taxonomy":"product_brand","embeddable":true,"href":"https:\/\/doll.shop\/es\/wp-json\/wp\/v2\/product_brand?post=35652"},{"taxonomy":"product_cat","embeddable":true,"href":"https:\/\/doll.shop\/es\/wp-json\/wp\/v2\/product_cat?post=35652"},{"taxonomy":"product_tag","embeddable":true,"href":"https:\/\/doll.shop\/es\/wp-json\/wp\/v2\/product_tag?post=35652"}],"curies":[{"name":"wp","href":"https:\/\/api.w.org\/{rel}","templated":true}]}}