{"id":35490,"date":"2022-08-12T08:31:38","date_gmt":"2022-08-12T06:31:38","guid":{"rendered":"https:\/\/doll.shop\/produkt\/muneca-ak-serena-175cm\/"},"modified":"2026-03-11T01:33:37","modified_gmt":"2026-03-11T00:33:37","slug":"muneca-ak-serena-175cm","status":"publish","type":"product","link":"https:\/\/doll.shop\/es\/productos\/muneca-ak-serena-175cm\/","title":{"rendered":"AK Doll Serena | 175cm"},"content":{"rendered":"","protected":false},"excerpt":{"rendered":"<p>Esta mu\u00f1eca del amor de la marca AK Doll tiene una cara preciosa y el cuerpo sencillamente perfecto de una modelo de fitness. Tiene unos pechos maravillosos y perfectamente formados. Gracias a los pechos de gel que tiene esta mu\u00f1eca de silicona, los pechos parecen ultrarrealistas. Esta mu\u00f1eca tambi\u00e9n tiene una complexi\u00f3n delgada, con un vientre plano y unas piernas muy largas, que pueden volverte loco r\u00e1pidamente. Si te apetece una aventura, \u00a1no dudes en conocer a esta dama perfecta!<\/p>\n<p>Ten en cuenta que suministramos todos los modelos con una peluca extra\u00edble de serie. Si quieres una peluca implantada, ponte en contacto con nosotros para obtener m\u00e1s informaci\u00f3n.<\/p>\n","protected":false},"featured_media":35514,"comment_status":"open","ping_status":"closed","template":"","meta":[],"product_brand":[],"product_cat":[1035,983],"product_tag":[],"class_list":{"0":"post-35490","1":"product","2":"type-product","3":"status-publish","4":"has-post-thumbnail","6":"product_cat-akdoll-es","7":"product_cat-munecas-sexuales","8":"pa_brand-muneca-ak","10":"first","11":"onbackorder","12":"taxable","13":"shipping-taxable","14":"purchasable","15":"product-type-simple"},"_links":{"self":[{"href":"https:\/\/doll.shop\/es\/wp-json\/wp\/v2\/product\/35490","targetHints":{"allow":["GET"]}}],"collection":[{"href":"https:\/\/doll.shop\/es\/wp-json\/wp\/v2\/product"}],"about":[{"href":"https:\/\/doll.shop\/es\/wp-json\/wp\/v2\/types\/product"}],"replies":[{"embeddable":true,"href":"https:\/\/doll.shop\/es\/wp-json\/wp\/v2\/comments?post=35490"}],"wp:featuredmedia":[{"embeddable":true,"href":"https:\/\/doll.shop\/es\/wp-json\/wp\/v2\/media\/35514"}],"wp:attachment":[{"href":"https:\/\/doll.shop\/es\/wp-json\/wp\/v2\/media?parent=35490"}],"wp:term":[{"taxonomy":"product_brand","embeddable":true,"href":"https:\/\/doll.shop\/es\/wp-json\/wp\/v2\/product_brand?post=35490"},{"taxonomy":"product_cat","embeddable":true,"href":"https:\/\/doll.shop\/es\/wp-json\/wp\/v2\/product_cat?post=35490"},{"taxonomy":"product_tag","embeddable":true,"href":"https:\/\/doll.shop\/es\/wp-json\/wp\/v2\/product_tag?post=35490"}],"curies":[{"name":"wp","href":"https:\/\/api.w.org\/{rel}","templated":true}]}}