{"id":35436,"date":"2022-06-09T10:41:58","date_gmt":"2022-06-09T08:41:58","guid":{"rendered":"https:\/\/doll.shop\/produkt\/muneca-del-amor-alexis-157-cm\/"},"modified":"2026-03-11T02:34:53","modified_gmt":"2026-03-11T01:34:53","slug":"muneca-del-amor-alexis-157-cm","status":"publish","type":"product","link":"https:\/\/doll.shop\/es\/productos\/muneca-del-amor-alexis-157-cm\/","title":{"rendered":"Mu\u00f1eca del amor Alexis | 157 cm"},"content":{"rendered":"","protected":false},"excerpt":{"rendered":"<p>WM Doll Alexis es una aut\u00e9ntica bomba deportiva con una energ\u00eda sin l\u00edmites. Puede hacer tu vida mucho m\u00e1s emocionante y, gracias a tu forma f\u00edsica, servirte durante horas y horas. Alexis es relativamente peque\u00f1o y, por tanto, f\u00e1cil de manejar. Sin embargo, no subestimes a esta mu\u00f1eca del amor. \u00a1Realmente lo tiene todo! \u00bfTe gustan las morenas con el pelo rizado y un cuerpo de ensue\u00f1o? Entonces no pierdas tu oportunidad y echa un vistazo m\u00e1s de cerca a Alexis.<\/p>\n","protected":false},"featured_media":35438,"comment_status":"open","ping_status":"closed","template":"","meta":[],"product_brand":[],"product_cat":[983,984],"product_tag":[],"class_list":{"0":"post-35436","1":"product","2":"type-product","3":"status-publish","4":"has-post-thumbnail","6":"product_cat-munecas-sexuales","7":"product_cat-wmdoll-es","8":"pa_brand-muneca-wm-es-es","10":"first","11":"onbackorder","12":"taxable","13":"shipping-taxable","14":"purchasable","15":"product-type-simple"},"_links":{"self":[{"href":"https:\/\/doll.shop\/es\/wp-json\/wp\/v2\/product\/35436","targetHints":{"allow":["GET"]}}],"collection":[{"href":"https:\/\/doll.shop\/es\/wp-json\/wp\/v2\/product"}],"about":[{"href":"https:\/\/doll.shop\/es\/wp-json\/wp\/v2\/types\/product"}],"replies":[{"embeddable":true,"href":"https:\/\/doll.shop\/es\/wp-json\/wp\/v2\/comments?post=35436"}],"wp:featuredmedia":[{"embeddable":true,"href":"https:\/\/doll.shop\/es\/wp-json\/wp\/v2\/media\/35438"}],"wp:attachment":[{"href":"https:\/\/doll.shop\/es\/wp-json\/wp\/v2\/media?parent=35436"}],"wp:term":[{"taxonomy":"product_brand","embeddable":true,"href":"https:\/\/doll.shop\/es\/wp-json\/wp\/v2\/product_brand?post=35436"},{"taxonomy":"product_cat","embeddable":true,"href":"https:\/\/doll.shop\/es\/wp-json\/wp\/v2\/product_cat?post=35436"},{"taxonomy":"product_tag","embeddable":true,"href":"https:\/\/doll.shop\/es\/wp-json\/wp\/v2\/product_tag?post=35436"}],"curies":[{"name":"wp","href":"https:\/\/api.w.org\/{rel}","templated":true}]}}