{"id":35435,"date":"2022-08-07T10:38:05","date_gmt":"2022-08-07T08:38:05","guid":{"rendered":"https:\/\/doll.shop\/produkt\/muneca-wm-cornelia-164cm\/"},"modified":"2026-03-10T20:31:13","modified_gmt":"2026-03-10T19:31:13","slug":"muneca-wm-cornelia-164cm","status":"publish","type":"product","link":"https:\/\/doll.shop\/es\/productos\/muneca-wm-cornelia-164cm\/","title":{"rendered":"WM Doll Cornelia | 164cm"},"content":{"rendered":"","protected":false},"excerpt":{"rendered":"<p>Hay muchos hombres a los que les gustan las mujeres un poco m\u00e1s peque\u00f1as. Las mu\u00f1ecas sexuales m\u00e1s peque\u00f1as tambi\u00e9n pueden suponer una gran ventaja para un cliente, ya que pesan menos y, por tanto, son m\u00e1s f\u00e1ciles de manejar. Por eso WM Doll tambi\u00e9n ofrece muchas mu\u00f1ecas sexuales de primera calidad en una amplia gama de tama\u00f1os. Entre ellas tambi\u00e9n hay algunas mu\u00f1ecas del amor con un tama\u00f1o de 164 cm. La mu\u00f1eca WM Cornelia es una de estas bellas damas. Este modelo de WM Doll puede ser la elecci\u00f3n perfecta para ti si te gustan las mujeres peque\u00f1as. Sin embargo, no subestimes a esta mu\u00f1equita sexual. Realmente tiene una cantidad incre\u00edble de energ\u00eda y utilizar\u00e1 esta energ\u00eda para mimarte en cualquier momento.<\/p>\n","protected":false},"featured_media":35437,"comment_status":"open","ping_status":"closed","template":"","meta":[],"product_brand":[],"product_cat":[984,983],"product_tag":[],"class_list":{"0":"post-35435","1":"product","2":"type-product","3":"status-publish","4":"has-post-thumbnail","6":"product_cat-wmdoll-es","7":"product_cat-munecas-sexuales","8":"pa_brand-muneca-wm-es-es","10":"first","11":"onbackorder","12":"taxable","13":"shipping-taxable","14":"purchasable","15":"product-type-simple"},"_links":{"self":[{"href":"https:\/\/doll.shop\/es\/wp-json\/wp\/v2\/product\/35435","targetHints":{"allow":["GET"]}}],"collection":[{"href":"https:\/\/doll.shop\/es\/wp-json\/wp\/v2\/product"}],"about":[{"href":"https:\/\/doll.shop\/es\/wp-json\/wp\/v2\/types\/product"}],"replies":[{"embeddable":true,"href":"https:\/\/doll.shop\/es\/wp-json\/wp\/v2\/comments?post=35435"}],"wp:featuredmedia":[{"embeddable":true,"href":"https:\/\/doll.shop\/es\/wp-json\/wp\/v2\/media\/35437"}],"wp:attachment":[{"href":"https:\/\/doll.shop\/es\/wp-json\/wp\/v2\/media?parent=35435"}],"wp:term":[{"taxonomy":"product_brand","embeddable":true,"href":"https:\/\/doll.shop\/es\/wp-json\/wp\/v2\/product_brand?post=35435"},{"taxonomy":"product_cat","embeddable":true,"href":"https:\/\/doll.shop\/es\/wp-json\/wp\/v2\/product_cat?post=35435"},{"taxonomy":"product_tag","embeddable":true,"href":"https:\/\/doll.shop\/es\/wp-json\/wp\/v2\/product_tag?post=35435"}],"curies":[{"name":"wp","href":"https:\/\/api.w.org\/{rel}","templated":true}]}}