{"id":35384,"date":"2022-08-07T09:53:38","date_gmt":"2022-08-07T07:53:38","guid":{"rendered":"https:\/\/doll.shop\/produkt\/muneca-wm-mirthe-159-cm\/"},"modified":"2026-03-10T18:45:52","modified_gmt":"2026-03-10T17:45:52","slug":"muneca-wm-mirthe-159-cm","status":"publish","type":"product","link":"https:\/\/doll.shop\/es\/productos\/muneca-wm-mirthe-159-cm\/","title":{"rendered":"WM Doll Mirthe | 159 cm"},"content":{"rendered":"","protected":false},"excerpt":{"rendered":"<p>La mu\u00f1eca WM Mirthe se parece a la profesora que siempre te pareci\u00f3 guapa cuando ibas al colegio. Lo mejor es que ya no est\u00e1s en la escuela y puedes conocer a Mirthe en la vida real. Mirthe es una rubia m\u00e1s bien peque\u00f1a, de 159 cm de estatura. Tiene una cara preciosa y parece totalmente bien educada. Esto plantea inmediatamente la cuesti\u00f3n de si es tan inofensivo en la realidad. Por supuesto, no queremos estropearte toda la sorpresa, pero podemos decirte una cosa: \u00a1Mirthe tambi\u00e9n puede ser diferente! A pesar de su peque\u00f1o tama\u00f1o, esta mu\u00f1eca tiene unos pechos relativamente grandes, con una copa C. Un look tan encantador junto con un cuerpo tan sexy es una combinaci\u00f3n realmente interesante. Esto convierte a esta mu\u00f1eca del amor premium en una dama verdaderamente irresistible. Lo mejor, por supuesto, es que t\u00fa tampoco tienes que resistirte a esta gracia.<\/p>\n","protected":false},"featured_media":35385,"comment_status":"open","ping_status":"closed","template":"","meta":[],"product_brand":[],"product_cat":[984,983],"product_tag":[],"class_list":{"0":"post-35384","1":"product","2":"type-product","3":"status-publish","4":"has-post-thumbnail","6":"product_cat-wmdoll-es","7":"product_cat-munecas-sexuales","8":"pa_brand-muneca-wm-es-es","10":"first","11":"onbackorder","12":"taxable","13":"shipping-taxable","14":"purchasable","15":"product-type-simple"},"_links":{"self":[{"href":"https:\/\/doll.shop\/es\/wp-json\/wp\/v2\/product\/35384","targetHints":{"allow":["GET"]}}],"collection":[{"href":"https:\/\/doll.shop\/es\/wp-json\/wp\/v2\/product"}],"about":[{"href":"https:\/\/doll.shop\/es\/wp-json\/wp\/v2\/types\/product"}],"replies":[{"embeddable":true,"href":"https:\/\/doll.shop\/es\/wp-json\/wp\/v2\/comments?post=35384"}],"wp:featuredmedia":[{"embeddable":true,"href":"https:\/\/doll.shop\/es\/wp-json\/wp\/v2\/media\/35385"}],"wp:attachment":[{"href":"https:\/\/doll.shop\/es\/wp-json\/wp\/v2\/media?parent=35384"}],"wp:term":[{"taxonomy":"product_brand","embeddable":true,"href":"https:\/\/doll.shop\/es\/wp-json\/wp\/v2\/product_brand?post=35384"},{"taxonomy":"product_cat","embeddable":true,"href":"https:\/\/doll.shop\/es\/wp-json\/wp\/v2\/product_cat?post=35384"},{"taxonomy":"product_tag","embeddable":true,"href":"https:\/\/doll.shop\/es\/wp-json\/wp\/v2\/product_tag?post=35384"}],"curies":[{"name":"wp","href":"https:\/\/api.w.org\/{rel}","templated":true}]}}