{"id":35383,"date":"2022-06-09T10:40:51","date_gmt":"2022-06-09T08:40:51","guid":{"rendered":"https:\/\/doll.shop\/produkt\/muneca-de-amor-nadia-157-cm\/"},"modified":"2026-03-11T01:57:46","modified_gmt":"2026-03-11T00:57:46","slug":"muneca-de-amor-nadia-157-cm","status":"publish","type":"product","link":"https:\/\/doll.shop\/es\/productos\/muneca-de-amor-nadia-157-cm\/","title":{"rendered":"Mu\u00f1eca de amor Nadia | 157 cm"},"content":{"rendered":"","protected":false},"excerpt":{"rendered":"<p>La mu\u00f1eca WM Nadia es irresistible. Es tan descarada y salvaje y tan guapa al mismo tiempo. Una vez que hayas visto el cuerpo de tus sue\u00f1os, no querr\u00e1s otra cosa. Es bueno que WM Doll Nadia est\u00e9 contigo tanto tiempo. Si te gustan las mujeres delgadas con un peinado rizado y atrevido, definitivamente no deber\u00edas perderte a Nadia. Pero no s\u00f3lo tiene un cuerpo perfecto. Nadia tambi\u00e9n tiene una cara muy bonita que destaca entre la multitud.<\/p>\n","protected":false},"featured_media":35394,"comment_status":"open","ping_status":"closed","template":"","meta":[],"product_brand":[],"product_cat":[983,984],"product_tag":[],"class_list":{"0":"post-35383","1":"product","2":"type-product","3":"status-publish","4":"has-post-thumbnail","6":"product_cat-munecas-sexuales","7":"product_cat-wmdoll-es","8":"pa_brand-muneca-wm-es-es","10":"first","11":"onbackorder","12":"taxable","13":"shipping-taxable","14":"purchasable","15":"product-type-simple"},"_links":{"self":[{"href":"https:\/\/doll.shop\/es\/wp-json\/wp\/v2\/product\/35383","targetHints":{"allow":["GET"]}}],"collection":[{"href":"https:\/\/doll.shop\/es\/wp-json\/wp\/v2\/product"}],"about":[{"href":"https:\/\/doll.shop\/es\/wp-json\/wp\/v2\/types\/product"}],"replies":[{"embeddable":true,"href":"https:\/\/doll.shop\/es\/wp-json\/wp\/v2\/comments?post=35383"}],"wp:featuredmedia":[{"embeddable":true,"href":"https:\/\/doll.shop\/es\/wp-json\/wp\/v2\/media\/35394"}],"wp:attachment":[{"href":"https:\/\/doll.shop\/es\/wp-json\/wp\/v2\/media?parent=35383"}],"wp:term":[{"taxonomy":"product_brand","embeddable":true,"href":"https:\/\/doll.shop\/es\/wp-json\/wp\/v2\/product_brand?post=35383"},{"taxonomy":"product_cat","embeddable":true,"href":"https:\/\/doll.shop\/es\/wp-json\/wp\/v2\/product_cat?post=35383"},{"taxonomy":"product_tag","embeddable":true,"href":"https:\/\/doll.shop\/es\/wp-json\/wp\/v2\/product_tag?post=35383"}],"curies":[{"name":"wp","href":"https:\/\/api.w.org\/{rel}","templated":true}]}}