{"id":35312,"date":"2022-04-15T08:34:52","date_gmt":"2022-04-15T06:34:52","guid":{"rendered":"https:\/\/doll.shop\/produkt\/muneca-sexual-maeko-157-cm\/"},"modified":"2026-03-11T06:27:29","modified_gmt":"2026-03-11T05:27:29","slug":"muneca-sexual-maeko-157-cm","status":"publish","type":"product","link":"https:\/\/doll.shop\/es\/productos\/muneca-sexual-maeko-157-cm\/","title":{"rendered":"Mu\u00f1eca sexual Maeko | 157 cm"},"content":{"rendered":"","protected":false},"excerpt":{"rendered":"<p>La RF Doll Maeko es realmente \u00fanica. Esta rubia destaca por su rostro extremadamente realista y bello. Maeko tambi\u00e9n tiene un cuerpo muy deseable. Si te gustan las mujeres asi\u00e1ticas, \u00a1deber\u00edas echar un vistazo a esta belleza! Maeko tiene una altura realista de 157 cm y pesa 32 kg.<\/p>\n","protected":false},"featured_media":35332,"comment_status":"open","ping_status":"closed","template":"","meta":[],"product_brand":[],"product_cat":[983,1002],"product_tag":[],"class_list":{"0":"post-35312","1":"product","2":"type-product","3":"status-publish","4":"has-post-thumbnail","6":"product_cat-munecas-sexuales","7":"product_cat-rf-doll-es","8":"pa_brand-muneca-rf-es","10":"first","11":"outofstock","12":"taxable","13":"shipping-taxable","14":"purchasable","15":"product-type-simple"},"_links":{"self":[{"href":"https:\/\/doll.shop\/es\/wp-json\/wp\/v2\/product\/35312","targetHints":{"allow":["GET"]}}],"collection":[{"href":"https:\/\/doll.shop\/es\/wp-json\/wp\/v2\/product"}],"about":[{"href":"https:\/\/doll.shop\/es\/wp-json\/wp\/v2\/types\/product"}],"replies":[{"embeddable":true,"href":"https:\/\/doll.shop\/es\/wp-json\/wp\/v2\/comments?post=35312"}],"wp:featuredmedia":[{"embeddable":true,"href":"https:\/\/doll.shop\/es\/wp-json\/wp\/v2\/media\/35332"}],"wp:attachment":[{"href":"https:\/\/doll.shop\/es\/wp-json\/wp\/v2\/media?parent=35312"}],"wp:term":[{"taxonomy":"product_brand","embeddable":true,"href":"https:\/\/doll.shop\/es\/wp-json\/wp\/v2\/product_brand?post=35312"},{"taxonomy":"product_cat","embeddable":true,"href":"https:\/\/doll.shop\/es\/wp-json\/wp\/v2\/product_cat?post=35312"},{"taxonomy":"product_tag","embeddable":true,"href":"https:\/\/doll.shop\/es\/wp-json\/wp\/v2\/product_tag?post=35312"}],"curies":[{"name":"wp","href":"https:\/\/api.w.org\/{rel}","templated":true}]}}