{"id":35257,"date":"2022-03-28T13:53:26","date_gmt":"2022-03-28T11:53:26","guid":{"rendered":"https:\/\/doll.shop\/produkt\/firedoll-zora-166-cm\/"},"modified":"2026-04-22T11:32:20","modified_gmt":"2026-04-22T09:32:20","slug":"firedoll-zora-166-cm","status":"publish","type":"product","link":"https:\/\/doll.shop\/es\/productos\/firedoll-zora-166-cm\/","title":{"rendered":"Firedoll Zora | 166 cm"},"content":{"rendered":"","protected":false},"excerpt":{"rendered":"<p>Firedoll Zora es una incre\u00edble latina con cuerpo de modelo. Gracias a su tama\u00f1o de 166 cm, esta mu\u00f1eca del amor de Firedoll tiene un aspecto extremadamente realista. Destaca entre la multitud por su singular pelo casta\u00f1o rojizo y su carisma descarado pero entra\u00f1able. Deja que te sorprendamos y averigua lo que realmente hace vibrar a Zora. Podemos asegurarte una cosa: no te aburrir\u00e1s con esta latina.<\/p>\n","protected":false},"featured_media":35289,"comment_status":"open","ping_status":"closed","template":"","meta":[],"product_brand":[],"product_cat":[1017,983],"product_tag":[],"class_list":{"0":"post-35257","1":"product","2":"type-product","3":"status-publish","4":"has-post-thumbnail","6":"product_cat-firedoll-es","7":"product_cat-munecas-sexuales","8":"pa_brand-firedoll-es","10":"first","11":"instock","12":"sale","13":"featured","14":"taxable","15":"shipping-taxable","16":"purchasable","17":"product-type-simple"},"_links":{"self":[{"href":"https:\/\/doll.shop\/es\/wp-json\/wp\/v2\/product\/35257","targetHints":{"allow":["GET"]}}],"collection":[{"href":"https:\/\/doll.shop\/es\/wp-json\/wp\/v2\/product"}],"about":[{"href":"https:\/\/doll.shop\/es\/wp-json\/wp\/v2\/types\/product"}],"replies":[{"embeddable":true,"href":"https:\/\/doll.shop\/es\/wp-json\/wp\/v2\/comments?post=35257"}],"wp:featuredmedia":[{"embeddable":true,"href":"https:\/\/doll.shop\/es\/wp-json\/wp\/v2\/media\/35289"}],"wp:attachment":[{"href":"https:\/\/doll.shop\/es\/wp-json\/wp\/v2\/media?parent=35257"}],"wp:term":[{"taxonomy":"product_brand","embeddable":true,"href":"https:\/\/doll.shop\/es\/wp-json\/wp\/v2\/product_brand?post=35257"},{"taxonomy":"product_cat","embeddable":true,"href":"https:\/\/doll.shop\/es\/wp-json\/wp\/v2\/product_cat?post=35257"},{"taxonomy":"product_tag","embeddable":true,"href":"https:\/\/doll.shop\/es\/wp-json\/wp\/v2\/product_tag?post=35257"}],"curies":[{"name":"wp","href":"https:\/\/api.w.org\/{rel}","templated":true}]}}