{"id":35202,"date":"2022-04-21T14:11:21","date_gmt":"2022-04-21T12:11:21","guid":{"rendered":"https:\/\/doll.shop\/produkt\/muneca-wm-chantal-164-cm\/"},"modified":"2026-03-11T04:04:56","modified_gmt":"2026-03-11T03:04:56","slug":"muneca-wm-chantal-164-cm","status":"publish","type":"product","link":"https:\/\/doll.shop\/es\/productos\/muneca-wm-chantal-164-cm\/","title":{"rendered":"WM Doll Chantal | 164 cm"},"content":{"rendered":"","protected":false},"excerpt":{"rendered":"<p>WM Doll Chantal es la mu\u00f1eca del amor premium de tus sue\u00f1os. Sabes lo que es genial: \u00a1no tiene por qu\u00e9 quedarse atrapada en sus sue\u00f1os! Elige ahora la mu\u00f1eca sexual Chantal y podr\u00e1 estar en tu casa en s\u00f3lo unos d\u00edas. Con una altura de 164 cm, esta mujer asi\u00e1tica de ensue\u00f1o es muy realista.<\/p>\n","protected":false},"featured_media":35207,"comment_status":"open","ping_status":"closed","template":"","meta":[],"product_brand":[],"product_cat":[984,983],"product_tag":[],"class_list":{"0":"post-35202","1":"product","2":"type-product","3":"status-publish","4":"has-post-thumbnail","6":"product_cat-wmdoll-es","7":"product_cat-munecas-sexuales","8":"pa_brand-muneca-wm-es-es","10":"first","11":"onbackorder","12":"taxable","13":"shipping-taxable","14":"purchasable","15":"product-type-simple"},"_links":{"self":[{"href":"https:\/\/doll.shop\/es\/wp-json\/wp\/v2\/product\/35202","targetHints":{"allow":["GET"]}}],"collection":[{"href":"https:\/\/doll.shop\/es\/wp-json\/wp\/v2\/product"}],"about":[{"href":"https:\/\/doll.shop\/es\/wp-json\/wp\/v2\/types\/product"}],"replies":[{"embeddable":true,"href":"https:\/\/doll.shop\/es\/wp-json\/wp\/v2\/comments?post=35202"}],"wp:featuredmedia":[{"embeddable":true,"href":"https:\/\/doll.shop\/es\/wp-json\/wp\/v2\/media\/35207"}],"wp:attachment":[{"href":"https:\/\/doll.shop\/es\/wp-json\/wp\/v2\/media?parent=35202"}],"wp:term":[{"taxonomy":"product_brand","embeddable":true,"href":"https:\/\/doll.shop\/es\/wp-json\/wp\/v2\/product_brand?post=35202"},{"taxonomy":"product_cat","embeddable":true,"href":"https:\/\/doll.shop\/es\/wp-json\/wp\/v2\/product_cat?post=35202"},{"taxonomy":"product_tag","embeddable":true,"href":"https:\/\/doll.shop\/es\/wp-json\/wp\/v2\/product_tag?post=35202"}],"curies":[{"name":"wp","href":"https:\/\/api.w.org\/{rel}","templated":true}]}}