{"id":35157,"date":"2022-03-24T10:47:53","date_gmt":"2022-03-24T09:47:53","guid":{"rendered":"https:\/\/doll.shop\/produkt\/muneca-sexual-yara-158-cm\/"},"modified":"2026-04-22T10:36:32","modified_gmt":"2026-04-22T08:36:32","slug":"muneca-sexual-yara-158-cm","status":"publish","type":"product","link":"https:\/\/doll.shop\/es\/productos\/muneca-sexual-yara-158-cm\/","title":{"rendered":"EL doll Riley | 158 cm"},"content":{"rendered":"<p>Por algo la RF Doll Yara es nuestro bestseller. Esta mu\u00f1eca del amor mide 158 cm y tiene un precioso pelo casta\u00f1o oscuro. Por su tama\u00f1o, este modelo es f\u00e1cil de manejar. Yara tiene una mirada muy llamativa y seductora. Una vez que hayas visto esta belleza, no podr\u00e1s apartar los ojos de ella.<\/p>\n<h3>Puntos a favor de esta mu\u00f1eca sexual:<\/h3>\n<ul>\n<li>Tama\u00f1o natural (158 cm)<\/li>\n<li>Marca conocida y establecida<\/li>\n<li>Favorito del cliente<\/li>\n<li>Incre\u00edble relaci\u00f3n calidad-precio<\/li>\n<\/ul>\n<h3>Calidad en RF Doll<\/h3>\n<p>Todas las mu\u00f1ecas del amor RF Doll est\u00e1n hechas de TPE (elast\u00f3mero termopl\u00e1stico), lo que hace que la piel de las mu\u00f1ecas resulte muy natural. Para mejorar la estabilidad y facilitar el manejo, todos los mu\u00f1ecos RF Doll llevan de serie un pie con funci\u00f3n de bipedestaci\u00f3n incorporada (tambi\u00e9n conocido como pie de bipedestaci\u00f3n). Cada mu\u00f1eca de esta marca tiene tambi\u00e9n un esqueleto, que est\u00e1 hecho de metal. Este esqueleto interior es muy estable y fuerte y proporciona a la mu\u00f1eca una estabilidad adicional.<\/p>\n<h3>Posibilidades sexuales con Yara<\/h3>\n<p>Yara es una aut\u00e9ntica salvaje. Yara es la compa\u00f1era sexual perfecta para ti. Si no est\u00e1s de humor y s\u00f3lo quieres relajarte en el sof\u00e1, tampoco hay problema. Yara es muy espont\u00e1nea y har\u00e1 lo que te apetezca. Sin duda, tus noches no ser\u00e1n solitarias gracias a Yara y tu vida sexual pasar\u00e1 a un nivel completamente nuevo con esta atractiva mu\u00f1eca. \u00bfQuieres que una morena cachonda y dispuesta te haga una mamada para celebrarlo despu\u00e9s de una larga semana de trabajo? No hay ning\u00fan problema. Yara puede satisfacer todos tus deseos sexuales. Si prefieres tener sexo normal con Yara, nada se interpone en tu camino. Es mejor utilizar alg\u00fan lubricante de base acuosa para una experiencia sexual m\u00e1s placentera. \u00bfTe gusta m\u00e1s follar a alguien por detr\u00e1s? Gracias al esqueleto met\u00e1lico incorporado y al pie con funci\u00f3n de bipedestaci\u00f3n, esto ya no es un problema. Puedes experimentar con innumerables posturas. Si quieres tomar a Yara por detr\u00e1s pero te va m\u00e1s el sexo anal, tampoco es ning\u00fan obst\u00e1culo. Puedes hacer realidad todas tus fantas\u00edas con esta belleza mediterr\u00e1nea.<\/p>\n","protected":false},"excerpt":{"rendered":"<p>EL doll Riley es una morena muy atractiva. Tiene unos preciosos ojos color avellana y destaca por su bella apariencia. En cuanto la miras a los ojos, no puedes apartar la vista de ella. Riley pesa 32 kg. Tambi\u00e9n mide 158 cm y tiene un precioso pelo casta\u00f1o oscuro. Si te gustan las morenas mediterr\u00e1neas, no dudes en fijarte en Riley.     <\/p>\n","protected":false},"featured_media":952262,"comment_status":"open","ping_status":"closed","template":"","meta":[],"product_brand":[],"product_cat":[983,1002],"product_tag":[],"class_list":{"0":"post-35157","1":"product","2":"type-product","3":"status-publish","4":"has-post-thumbnail","6":"product_cat-munecas-sexuales","7":"product_cat-rf-doll-es","8":"pa_brand-el-doll","10":"first","11":"instock","12":"sale","13":"featured","14":"taxable","15":"shipping-taxable","16":"purchasable","17":"product-type-simple"},"_links":{"self":[{"href":"https:\/\/doll.shop\/es\/wp-json\/wp\/v2\/product\/35157","targetHints":{"allow":["GET"]}}],"collection":[{"href":"https:\/\/doll.shop\/es\/wp-json\/wp\/v2\/product"}],"about":[{"href":"https:\/\/doll.shop\/es\/wp-json\/wp\/v2\/types\/product"}],"replies":[{"embeddable":true,"href":"https:\/\/doll.shop\/es\/wp-json\/wp\/v2\/comments?post=35157"}],"wp:featuredmedia":[{"embeddable":true,"href":"https:\/\/doll.shop\/es\/wp-json\/wp\/v2\/media\/952262"}],"wp:attachment":[{"href":"https:\/\/doll.shop\/es\/wp-json\/wp\/v2\/media?parent=35157"}],"wp:term":[{"taxonomy":"product_brand","embeddable":true,"href":"https:\/\/doll.shop\/es\/wp-json\/wp\/v2\/product_brand?post=35157"},{"taxonomy":"product_cat","embeddable":true,"href":"https:\/\/doll.shop\/es\/wp-json\/wp\/v2\/product_cat?post=35157"},{"taxonomy":"product_tag","embeddable":true,"href":"https:\/\/doll.shop\/es\/wp-json\/wp\/v2\/product_tag?post=35157"}],"curies":[{"name":"wp","href":"https:\/\/api.w.org\/{rel}","templated":true}]}}