{"id":951648,"date":"2026-01-20T15:29:33","date_gmt":"2026-01-20T14:29:33","guid":{"rendered":"https:\/\/doll.shop\/sobre-nosotros\/"},"modified":"2026-01-20T16:18:55","modified_gmt":"2026-01-20T15:18:55","slug":"sobre-nosotros","status":"publish","type":"page","link":"https:\/\/doll.shop\/es\/sobre-nosotros\/","title":{"rendered":"Sobre nosotros"},"content":{"rendered":"\n<style>\n    \/* --- VARIABLES CSS --- *\/\n    :root {\n        --ds-primary: #be123c;\n        --ds-primary-bg: #fff1f2;\n        --ds-text-dark: #1f2937;\n        --ds-text-light: #6b7280;\n        --ds-border: #e5e7eb;\n        --ds-bg-body: #f9fafb;\n        --ds-radius: 8px;\n    }\n\n    \/* --- DISE\u00d1O BASE --- *\/\n    .ds-av-wrapper {\n        font-family: -apple-system, BlinkMacSystemFont, \"Segoe UI\", Roboto, Helvetica, Arial, sans-serif;\n        color: var(--ds-text-dark);\n        line-height: 1.6;\n        max-width: 1200px;\n        margin: 0 auto;\n        padding: 0px;\n    }\n\n    \/* --- CONTENIDO PRINCIPAL --- *\/\n    .ds-content {\n        background: #fff;\n        padding: 40px;\n        border: 1px solid var(--ds-border);\n        border-radius: var(--ds-radius);\n    }\n\n    .ds-content h2 { \n        margin-top: 0; \n        margin-bottom: 40px; \n        font-size: 28px; \n        color: var(--ds-text-dark);\n        text-align: center;\n    }\n    \n    .ds-article { \n        margin-bottom: 80px;\n    }\n\n    .ds-article:last-child {\n        margin-bottom: 0;\n    }\n    \n    \/* --- DISE\u00d1O EN FILAS --- *\/\n    .ds-row {\n        display: flex;\n        align-items: center;\n        gap: 60px;\n    }\n\n    .ds-row.reverse {\n        flex-direction: row-reverse;\n    }\n\n    .ds-col-text { flex: 1; }\n    .ds-col-img { flex: 1; }\n\n    .ds-article h3 { \n        font-size: 22px; \n        font-weight: 700; \n        margin-bottom: 20px; \n        display: flex; \n        align-items: center; \n        margin-top: 0;\n        color: var(--ds-text-dark);\n    }\n    \n    .ds-article h3::before { \n        content: ''; \n        display: inline-block; \n        width: 4px; \n        height: 22px; \n        background-color: var(--ds-primary); \n        margin-right: 12px; \n        border-radius: 2px; \n    }\n    \n    .ds-content p { \n        font-size: 16px; \n        color: #374151; \n        margin-bottom: 16px; \n        line-height: 1.7;\n    }\n    \n    .ds-content img {\n        width: 100%;\n        height: auto;\n        border-radius: var(--ds-radius);\n        box-shadow: 0 4px 20px rgba(0,0,0,0.08);\n        display: block;\n        transition: transform 0.3s ease;\n    }\n\n    .ds-content img:hover {\n        transform: scale(1.01);\n    }\n    \n    \/* --- M\u00d3VIL --- *\/\n    @media (max-width: 900px) {\n        .ds-content {\n            padding: 20px;\n            border: none;\n        }\n\n        .ds-content h2 {\n            font-size: 24px;\n            margin-bottom: 30px;\n            text-align: left;\n        }\n\n        .ds-article { \n            margin-bottom: 50px; \n        }\n\n        .ds-row, .ds-row.reverse {\n            flex-direction: column; \n            gap: 20px;\n        }\n\n        .ds-col-text { order: 1; }\n        .ds-col-img { order: 2; width: 100%; }\n\n        .ds-article h3 {\n            font-size: 20px;\n        }\n    }\n<\/style>\n\n<div class=\"ds-av-wrapper\">\n    <main class=\"ds-content\">\n        <h2>Sobre Doll.shop<\/h2>\n\n        <div class=\"ds-article\">\n            <div class=\"ds-row\">\n                <div class=\"ds-col-text\">\n                    <h3>El especialista en mu\u00f1ecas sexuales<\/h3>\n                    <p>Doll.shop es tu proveedor de confianza de mu\u00f1ecas sexuales ultra realistas. Ofrecemos mu\u00f1ecas sexuales premium desde nuestros almacenes en los Pa\u00edses Bajos a precios sorprendentemente bajos. Dif\u00edcilmente encontrar\u00e1s mu\u00f1ecas sexuales m\u00e1s baratas que con nosotros.<\/p>\n                <\/div>\n                <div class=\"ds-col-img\">\n                    <img decoding=\"async\" src=\"https:\/\/doll.shop\/wp-content\/uploads\/2022\/09\/uber_doll24.jpg\" alt=\"Showroom de Doll.shop y especialista\" title=\"\">\n                <\/div>\n            <\/div>\n        <\/div>\n\n        <div class=\"ds-article\">\n            <h3>Nuestra historia<\/h3>\n            <p>Empezamos en 2010 con la venta de mu\u00f1ecas sexuales realistas en los Pa\u00edses Bajos. Nuestro objetivo era claro: <strong>mu\u00f1ecas sexuales de alta calidad para todos<\/strong>. En pocos a\u00f1os crecimos r\u00e1pidamente y hoy somos el mayor proveedor en los Pa\u00edses Bajos y B\u00e9lgica. Gracias al boca a boca entre aficionados, desde 2019 cada vez m\u00e1s clientes de Alemania y Francia empezaron a visitar nuestro showroom en los Pa\u00edses Bajos.<\/p>\n            <p>A petici\u00f3n de clientes alemanes, en 2020 dimos nuestros primeros pasos en el mercado alem\u00e1n. Desde 2021 contamos tambi\u00e9n con empleados en Alemania y con una sede propia all\u00ed. Nuestro objetivo es seguir ampliando nuestro alcance y centrarnos en m\u00e1s pa\u00edses de Europa.<\/p>\n        <\/div>\n\n        <div class=\"ds-article\">\n            <div class=\"ds-row reverse\">\n                <div class=\"ds-col-text\">\n                    <h3>\u00bfQui\u00e9n compra mu\u00f1ecas sexuales?<\/h3>\n                    <p>En Doll.shop compran mu\u00f1ecas sexuales hombres, mujeres y parejas. Algunos buscan una experiencia sexual realista, otros valoran sobre todo la compa\u00f1\u00eda.<\/p>\n                    <p>Adem\u00e1s de clientes particulares, tambi\u00e9n vendemos regularmente mu\u00f1ecas a empresas del sector creativo. Nuestros modelos se utilizan en producciones cinematogr\u00e1ficas, museos y exposiciones. Las mu\u00f1ecas sexuales ya no son solo para uso privado: son vers\u00e1tiles y pueden ser mucho m\u00e1s que una simple compa\u00f1era de cama.<\/p>\n                <\/div>\n                <div class=\"ds-col-img\">\n                    <img decoding=\"async\" src=\"https:\/\/doll.shop\/wp-content\/uploads\/2022\/09\/Liebespuppe_Kunst.jpg\" alt=\"Mu\u00f1eca sexual en un entorno art\u00edstico\" title=\"\">\n                <\/div>\n            <\/div>\n        <\/div>\n\n        <div class=\"ds-article\">\n            <div class=\"ds-row\">\n                <div class=\"ds-col-text\">\n                    <h3>Siempre el mejor precio<\/h3>\n                    <p>Para que las mu\u00f1ecas de amor sean accesibles para todos, apostamos continuamente por la eficiencia y la optimizaci\u00f3n de costes. Compramos mu\u00f1ecas sexuales en grandes cantidades, lo que nos permite ofrecerte siempre el mejor precio, sin renunciar nunca a un servicio excelente ni a una calidad superior.<\/p>\n                <\/div>\n                <div class=\"ds-col-img\">\n                    <img decoding=\"async\" src=\"https:\/\/doll.shop\/wp-content\/uploads\/2022\/09\/niedrigster_preis.jpg\" alt=\"Garant\u00eda del mejor precio\" title=\"\">\n                <\/div>\n            <\/div>\n        <\/div>\n\n        <div class=\"ds-article\">\n            <div class=\"ds-row reverse\">\n                <div class=\"ds-col-text\">\n                    <h3>Calidad y confianza<\/h3>\n                    <p>Una mu\u00f1eca sexual no es un producto cualquiera y quieres estar seguro de recibir exactamente lo que esperas. Por eso colaboramos, entre otros, con la fundaci\u00f3n WebwinkelKeur, que comprueba peri\u00f3dicamente si cumplimos todos los requisitos legales y si nuestros clientes est\u00e1n satisfechos.<\/p>\n                    <p>Nuestros proveedores tambi\u00e9n se someten a controles regulares para garantizar la calidad de los productos.<\/p>\n                <\/div>\n                <div class=\"ds-col-img\">\n                    <img decoding=\"async\" src=\"https:\/\/doll.shop\/wp-content\/uploads\/2022\/09\/Sexpuppe_spezialist.jpg\" alt=\"Control de calidad de mu\u00f1ecas sexuales\" title=\"\">\n                <\/div>\n            <\/div>\n        <\/div>\n\n        <div class=\"ds-article\">\n            <div class=\"ds-row\">\n                <div class=\"ds-col-text\">\n                    <h3>Entrega r\u00e1pida y discreta<\/h3>\n                    <p>Doll.shop tiene siempre al menos 1.000 modelos en stock. Si pides un modelo disponible antes de las 14:00, a menudo podemos enviar tu pedido el mismo d\u00eda. As\u00ed, tu compa\u00f1era ideal llega a tu casa en pocos d\u00edas.<\/p>\n                    <p>En nuestros embalajes no aparece el nombre de nuestra web, del proveedor ni del producto. Todo el proceso de env\u00edo es completamente an\u00f3nimo. No te preocupes por miradas indiscretas: tu pedido en Doll.shop es solo para ti.<\/p>\n                <\/div>\n                <div class=\"ds-col-img\">\n                    <img decoding=\"async\" src=\"https:\/\/doll.shop\/wp-content\/uploads\/2022\/09\/firedoll-spezialist.jpg\" alt=\"Entrega discreta\" title=\"\">\n                <\/div>\n            <\/div>\n        <\/div>\n\n    <\/main>\n<\/div>\n","protected":false},"excerpt":{"rendered":"<p>Sobre Doll.shop El especialista en mu\u00f1ecas sexuales Doll.shop es tu proveedor de confianza de mu\u00f1ecas sexuales ultra realistas. Ofrecemos mu\u00f1ecas<\/p>\n","protected":false},"author":1,"featured_media":0,"parent":0,"menu_order":0,"comment_status":"closed","ping_status":"closed","template":"","meta":{"footnotes":""},"class_list":["post-951648","page","type-page","status-publish","hentry"],"_links":{"self":[{"href":"https:\/\/doll.shop\/es\/wp-json\/wp\/v2\/pages\/951648","targetHints":{"allow":["GET"]}}],"collection":[{"href":"https:\/\/doll.shop\/es\/wp-json\/wp\/v2\/pages"}],"about":[{"href":"https:\/\/doll.shop\/es\/wp-json\/wp\/v2\/types\/page"}],"author":[{"embeddable":true,"href":"https:\/\/doll.shop\/es\/wp-json\/wp\/v2\/users\/1"}],"replies":[{"embeddable":true,"href":"https:\/\/doll.shop\/es\/wp-json\/wp\/v2\/comments?post=951648"}],"version-history":[{"count":2,"href":"https:\/\/doll.shop\/es\/wp-json\/wp\/v2\/pages\/951648\/revisions"}],"predecessor-version":[{"id":951670,"href":"https:\/\/doll.shop\/es\/wp-json\/wp\/v2\/pages\/951648\/revisions\/951670"}],"wp:attachment":[{"href":"https:\/\/doll.shop\/es\/wp-json\/wp\/v2\/media?parent=951648"}],"curies":[{"name":"wp","href":"https:\/\/api.w.org\/{rel}","templated":true}]}}