{"id":951450,"date":"2026-01-18T07:30:55","date_gmt":"2026-01-18T06:30:55","guid":{"rendered":"https:\/\/doll.shop\/base-de-conocimientos\/"},"modified":"2026-01-20T09:48:43","modified_gmt":"2026-01-20T08:48:43","slug":"base-de-conocimientos","status":"publish","type":"page","link":"https:\/\/doll.shop\/es\/base-de-conocimientos\/","title":{"rendered":"Base de conocimientos"},"content":{"rendered":"\n<p><code>\t<div class=\"kb-wrapper kb-hub-wrapper\">\n\t\t\n\t\t<div class=\"kb-mobile-hub-nav\">\n\t\t\t<div class=\"kb-mobile-search-wrapper\">\n\t\t\t\t<div class=\"kb-search-container mobile-search\">\n\t\t\t\t\t<svg class=\"kb-search-icon mobile-icon\" xmlns=\"[http:\/\/www.w3.org\/2000\/svg](http:\/\/www.w3.org\/2000\/svg)\" fill=\"none\" viewBox=\"0 0 24 24\" stroke=\"currentColor\">\n\t\t\t\t\t\t<path stroke-linecap=\"round\" stroke-linejoin=\"round\" stroke-width=\"2\" d=\"M21 21l-6-6m2-5a7 7 0 11-14 0 7 7 0 0114 0z\" \/>\n\t\t\t\t\t<\/svg>\n\t\t\t\t\t<input type=\"text\" class=\"kb-sidebar-search dvwz-kb-ajax-input mobile-input\" placeholder=\"Buscar en el centro de ayuda\u2026\" autocomplete=\"off\">\n\t\t\t\t\t<div class=\"dvwz-kb-search-results mobile-results\"><\/div>\n\t\t\t\t<\/div>\n\t\t\t<\/div>\n\t\t<\/div>\n\n\t\t<header class=\"kb-hero\">\n\t\t\t<div class=\"kb-hero-inner\">\n\t\t\t\t<div class=\"kb-hero-text\">\n\t\t\t\t\t<h1>\n\t\t\t\t\t\t<svg xmlns=\"[http:\/\/www.w3.org\/2000\/svg](http:\/\/www.w3.org\/2000\/svg)\" fill=\"none\" viewBox=\"0 0 24 24\" stroke=\"currentColor\">\n\t\t\t\t\t\t\t<path stroke-linecap=\"round\" stroke-linejoin=\"round\" stroke-width=\"2\" d=\"M12 6.253v13m0-13C10.832 5.477 9.246 5 7.5 5S4.168 5.477 3 6.253v13C4.168 18.477 5.754 18 7.5 18s3.332.477 4.5 1.253m0-13C13.168 5.477 14.754 5 16.5 5c1.747 0 3.332.477 4.5 1.253v13C19.832 18.477 18.247 18 16.5 18c-1.746 0-3.332.477-4.5 1.253\" \/>\n\t\t\t\t\t\t<\/svg>\n\t\t\t\t\t\tCentro de ayuda\t\t\t\t\t<\/h1>\n\t\t\t\t\t<p>Informaci\u00f3n pr\u00e1ctica sobre la elecci\u00f3n, el cuidado y el uso discreto de mu\u00f1ecas sexuales.<\/p>\n\t\t\t\t<\/div>\n\t\t\t\t\n\t\t\t\t<div class=\"kb-search-container kb-desktop-only-search\">\n\t\t\t\t\t<svg class=\"kb-search-icon\" xmlns=\"[http:\/\/www.w3.org\/2000\/svg](http:\/\/www.w3.org\/2000\/svg)\" fill=\"none\" viewBox=\"0 0 24 24\" stroke=\"currentColor\"><path stroke-linecap=\"round\" stroke-linejoin=\"round\" stroke-width=\"2\" d=\"M21 21l-6-6m2-5a7 7 0 11-14 0 7 7 0 0114 0z\" \/><\/svg>\n\t\t\t\t\t<input type=\"text\" class=\"kb-shared-search dvwz-kb-ajax-input\" placeholder=\"Buscar en el centro de ayuda\u2026\" autocomplete=\"off\">\n\t\t\t\t\t<div class=\"dvwz-kb-search-results\"><\/div>\n\t\t\t\t<\/div>\n\t\t\t<\/div>\n\t\t<\/header>\n\n\t\t<div class=\"kb-container\">\n\t\t\t<div class=\"kb-section-label\">Temas<\/div>\n\t\t\t<div class=\"kb-grid\">\n\t\t\t\t\t\t\t\t<div class=\"kb-card\">\n\t\t\t\t\t<div class=\"kb-card-header\">\n\t\t\t\t\t\t<div class=\"kb-card-icon\"><svg xmlns=\"[http:\/\/www.w3.org\/2000\/svg](http:\/\/www.w3.org\/2000\/svg)\" fill=\"none\" viewBox=\"0 0 24 24\" stroke=\"currentColor\"><path stroke-linecap=\"round\" stroke-linejoin=\"round\" stroke-width=\"2\" d=\"M3 7v10a2 2 0 002 2h14a2 2 0 002-2V9a2 2 0 00-2-2h-6l-2-2H5a2 2 0 00-2 2z\" \/><\/svg><\/div>\n\t\t\t\t\t\t<h3>Ayuda a la selecci\u00f3n y personalizaci\u00f3n<\/h3>\n\t\t\t\t\t<\/div>\n\t\t\t\t\t<div class=\"kb-card-desc\"><p>\u00bfQu\u00e9 mu\u00f1eca te conviene m\u00e1s? Aqu\u00ed es donde decides el material, el tama\u00f1o, las opciones y el acabado. R\u00e1pido. Con claridad. Para que elijas con seguridad y no te arrepientas despu\u00e9s.<\/p><\/div>\n\t\t\t\t\t\t\t\t\t\t\t<ul class=\"kb-link-list\">\n\t\t\t\t\t\t\t\t\t\t\t\t\t\t\t<li class=\"\"><a href=\"https:\/\/doll.shop\/es\/kennisbank\/opciones-en-munecas-sexuales-que-tiene-sentido-y-que-no\/\">Opciones en mu\u00f1ecas sexuales: \u00bfqu\u00e9 tiene sentido y qu\u00e9 no?<\/a><\/li>\n\t\t\t\t\t\t\t\t\t\t\t\t\t\t\t<li class=\"\"><a href=\"https:\/\/doll.shop\/es\/kennisbank\/que-marca-de-muneca-sexual-te-conviene\/\">\u00bfQu\u00e9 marca de mu\u00f1eca sexual te conviene?<\/a><\/li>\n\t\t\t\t\t\t\t\t\t\t\t\t\t<\/ul>\n\t\t\t\t\t\t\t\t\t\t\t\t\t\t\t<\/div>\n\t\t\t\t\t\t\t\t<div class=\"kb-card\">\n\t\t\t\t\t<div class=\"kb-card-header\">\n\t\t\t\t\t\t<div class=\"kb-card-icon\"><svg xmlns=\"[http:\/\/www.w3.org\/2000\/svg](http:\/\/www.w3.org\/2000\/svg)\" fill=\"none\" viewBox=\"0 0 24 24\" stroke=\"currentColor\"><path stroke-linecap=\"round\" stroke-linejoin=\"round\" stroke-width=\"2\" d=\"M3 7v10a2 2 0 002 2h14a2 2 0 002-2V9a2 2 0 00-2-2h-6l-2-2H5a2 2 0 00-2 2z\" \/><\/svg><\/div>\n\t\t\t\t\t\t<h3>Discreci\u00f3n, pago y entrega<\/h3>\n\t\t\t\t\t<\/div>\n\t\t\t\t\t<div class=\"kb-card-desc\"><p>T\u00fa mantienes el control de la privacidad y la entrega. Te explicamos lo que ves en la caja, c\u00f3mo funcionan la entrega y el seguimiento y qu\u00e9 opciones tienes al pagar.<\/p><\/div>\n\t\t\t\t\t\t\t\t\t\t\t<ul class=\"kb-link-list\">\n\t\t\t\t\t\t\t\t\t\t\t\t\t\t\t<li class=\"\"><a href=\"https:\/\/doll.shop\/es\/kennisbank\/plazos-de-entrega-y-envio\/\">Plazos de entrega y env\u00edo<\/a><\/li>\n\t\t\t\t\t\t\t\t\t\t\t\t\t\t\t<li class=\"\"><a href=\"https:\/\/doll.shop\/es\/kennisbank\/embalaje-discreto\/\">Embalaje discreto<\/a><\/li>\n\t\t\t\t\t\t\t\t\t\t\t\t\t\t\t<li class=\"\"><a href=\"https:\/\/doll.shop\/es\/kennisbank\/aduanas-iva-y-sin-sorpresas-posteriores\/\">Aduanas, IVA y sin sorpresas posteriores<\/a><\/li>\n\t\t\t\t\t\t\t\t\t\t\t\t\t\t\t<li class=\"\"><a href=\"https:\/\/doll.shop\/es\/kennisbank\/pago-discreto-y-seguro\/\">Pago discreto y seguro<\/a><\/li>\n\t\t\t\t\t\t\t\t\t\t\t\t\t\t\t<li class=\"\"><a href=\"https:\/\/doll.shop\/es\/kennisbank\/entrega-de-modelos-personalizados\/\">Entrega de modelos personalizados<\/a><\/li>\n\t\t\t\t\t\t\t\t\t\t\t\t\t\t\t<li class=\"kb-hidden-item\"><a href=\"https:\/\/doll.shop\/es\/kennisbank\/privacidad-antes-durante-y-despues-del-pedido\/\">Privacidad antes, durante y despu\u00e9s del pedido<\/a><\/li>\n\t\t\t\t\t\t\t\t\t\t\t\t\t<\/ul>\n\t\t\t\t\t\t\t\t\t\t\t\t\t<button class=\"kb-show-more-btn\" data-text=\"Mostrar los 6 art\u00edculos\">\n\t\t\t\t\t\t\t\tMostrar los 6 art\u00edculos\t\t\t\t\t\t\t<\/button>\n\t\t\t\t\t\t\t\t\t\t\t\t\t\t\t<\/div>\n\t\t\t\t\t\t\t\t<div class=\"kb-card\">\n\t\t\t\t\t<div class=\"kb-card-header\">\n\t\t\t\t\t\t<div class=\"kb-card-icon\"><svg xmlns=\"[http:\/\/www.w3.org\/2000\/svg](http:\/\/www.w3.org\/2000\/svg)\" fill=\"none\" viewBox=\"0 0 24 24\" stroke=\"currentColor\"><path stroke-linecap=\"round\" stroke-linejoin=\"round\" stroke-width=\"2\" d=\"M3 7v10a2 2 0 002 2h14a2 2 0 002-2V9a2 2 0 00-2-2h-6l-2-2H5a2 2 0 00-2 2z\" \/><\/svg><\/div>\n\t\t\t\t\t\t<h3>Manual<\/h3>\n\t\t\t\t\t<\/div>\n\t\t\t\t\t<div class=\"kb-card-desc\"><p>Un mantenimiento adecuado alarga la vida \u00fatil y mantiene todo fresco y bonito. Tienes pasos claros para limpiar, secar, guardar y tratar las manchas.<\/p><\/div>\n\t\t\t\t\t\t\t\t\t\t\t<ul class=\"kb-link-list\">\n\t\t\t\t\t\t\t\t\t\t\t\t\t\t\t<li class=\"\"><a href=\"https:\/\/doll.shop\/es\/kennisbank\/desembalar-e-instalar-por-primera-vez\/\">Desembalar e instalar por primera vez<\/a><\/li>\n\t\t\t\t\t\t\t\t\t\t\t\t\t\t\t<li class=\"\"><a href=\"https:\/\/doll.shop\/es\/kennisbank\/mantenimiento-y-limpieza-de-una-muneca-sexual\/\">Mantenimiento y limpieza de una mu\u00f1eca sexual<\/a><\/li>\n\t\t\t\t\t\t\t\t\t\t\t\t\t\t\t<li class=\"\"><a href=\"https:\/\/doll.shop\/es\/kennisbank\/tratamiento-de-manchas-y-decoloraciones\/\">Tratamiento de manchas y decoloraciones<\/a><\/li>\n\t\t\t\t\t\t\t\t\t\t\t\t\t<\/ul>\n\t\t\t\t\t\t\t\t\t\t\t\t\t\t\t<\/div>\n\t\t\t\t\t\t\t<\/div>\n\t\t<\/div>\n\t<\/div>\n\t<\/code><\/p>\n","protected":false},"excerpt":{"rendered":"","protected":false},"author":1,"featured_media":0,"parent":0,"menu_order":0,"comment_status":"closed","ping_status":"closed","template":"","meta":{"footnotes":""},"class_list":["post-951450","page","type-page","status-publish","hentry"],"_links":{"self":[{"href":"https:\/\/doll.shop\/es\/wp-json\/wp\/v2\/pages\/951450","targetHints":{"allow":["GET"]}}],"collection":[{"href":"https:\/\/doll.shop\/es\/wp-json\/wp\/v2\/pages"}],"about":[{"href":"https:\/\/doll.shop\/es\/wp-json\/wp\/v2\/types\/page"}],"author":[{"embeddable":true,"href":"https:\/\/doll.shop\/es\/wp-json\/wp\/v2\/users\/1"}],"replies":[{"embeddable":true,"href":"https:\/\/doll.shop\/es\/wp-json\/wp\/v2\/comments?post=951450"}],"version-history":[{"count":1,"href":"https:\/\/doll.shop\/es\/wp-json\/wp\/v2\/pages\/951450\/revisions"}],"predecessor-version":[{"id":951455,"href":"https:\/\/doll.shop\/es\/wp-json\/wp\/v2\/pages\/951450\/revisions\/951455"}],"wp:attachment":[{"href":"https:\/\/doll.shop\/es\/wp-json\/wp\/v2\/media?parent=951450"}],"curies":[{"name":"wp","href":"https:\/\/api.w.org\/{rel}","templated":true}]}}