{"id":947926,"date":"2025-09-16T12:48:04","date_gmt":"2025-09-16T10:48:04","guid":{"rendered":"https:\/\/doll.shop\/?post_type=product&#038;p=947926"},"modified":"2026-04-22T12:31:10","modified_gmt":"2026-04-22T10:31:10","slug":"sexdoll-ava-158-cm","status":"publish","type":"product","link":"https:\/\/doll.shop\/de\/produkt\/sexdoll-ava-158-cm\/","title":{"rendered":"EL doll Sasha | 158 cm"},"content":{"rendered":"","protected":false},"excerpt":{"rendered":"<p>EL doll Sasha ist eine elegante, 158 cm gro\u00dfe blonde Sch\u00f6nheit mit einer schlanken, femininen Figur und einem weichen, nat\u00fcrlichen Aussehen. Ihre helle Haut und ihr strahlend blondes Haar verleihen ihr einen frischen, klassischen Look, der sofort anziehend wirkt. Mit ihrem sch\u00f6nen C-Cup und ihren raffinierten Proportionen ist Sasha sowohl sinnlich als auch ansprechbar.  <\/p>\n","protected":false},"featured_media":947702,"comment_status":"open","ping_status":"closed","template":"","meta":[],"product_brand":[],"product_cat":[255],"product_tag":[],"class_list":{"0":"post-947926","1":"product","2":"type-product","3":"status-publish","4":"has-post-thumbnail","6":"product_cat-rf-doll","8":"first","9":"instock","10":"sale","11":"taxable","12":"shipping-taxable","13":"purchasable","14":"product-type-simple"},"_links":{"self":[{"href":"https:\/\/doll.shop\/de\/wp-json\/wp\/v2\/product\/947926","targetHints":{"allow":["GET"]}}],"collection":[{"href":"https:\/\/doll.shop\/de\/wp-json\/wp\/v2\/product"}],"about":[{"href":"https:\/\/doll.shop\/de\/wp-json\/wp\/v2\/types\/product"}],"replies":[{"embeddable":true,"href":"https:\/\/doll.shop\/de\/wp-json\/wp\/v2\/comments?post=947926"}],"wp:featuredmedia":[{"embeddable":true,"href":"https:\/\/doll.shop\/de\/wp-json\/wp\/v2\/media\/947702"}],"wp:attachment":[{"href":"https:\/\/doll.shop\/de\/wp-json\/wp\/v2\/media?parent=947926"}],"wp:term":[{"taxonomy":"product_brand","embeddable":true,"href":"https:\/\/doll.shop\/de\/wp-json\/wp\/v2\/product_brand?post=947926"},{"taxonomy":"product_cat","embeddable":true,"href":"https:\/\/doll.shop\/de\/wp-json\/wp\/v2\/product_cat?post=947926"},{"taxonomy":"product_tag","embeddable":true,"href":"https:\/\/doll.shop\/de\/wp-json\/wp\/v2\/product_tag?post=947926"}],"curies":[{"name":"wp","href":"https:\/\/api.w.org\/{rel}","templated":true}]}}