{"id":947917,"date":"2025-09-16T09:50:29","date_gmt":"2025-09-16T07:50:29","guid":{"rendered":"https:\/\/doll.shop\/?post_type=product&#038;p=947917"},"modified":"2026-04-26T13:35:28","modified_gmt":"2026-04-26T11:35:28","slug":"firedoll-stella-156-cm","status":"publish","type":"product","link":"https:\/\/doll.shop\/de\/produkt\/firedoll-stella-156-cm\/","title":{"rendered":"Firedoll Stella | 156 cm"},"content":{"rendered":"","protected":false},"excerpt":{"rendered":"<p>RF Doll Stella ist eine kultivierte 156 cm gro\u00dfe Blondine mit einer eleganten, femininen Silhouette und einem weichen, einladenden Aussehen. Ihre helle Haut und ihr gl\u00e4nzendes blondes Haar verleihen ihr ein frisches, stilvolles Aussehen. Mit ihrem nat\u00fcrlichen C-K\u00f6rbchen und ihren ausgewogenen Kurven strahlt Stella sowohl Klasse als auch Sinnlichkeit aus.  <\/p>\n","protected":false},"featured_media":947540,"comment_status":"open","ping_status":"closed","template":"","meta":[],"product_brand":[1404],"product_cat":[18],"product_tag":[],"class_list":{"0":"post-947917","1":"product","2":"type-product","3":"status-publish","4":"has-post-thumbnail","6":"product_brand-firedoll","7":"product_cat-firedoll","9":"first","10":"instock","11":"sale","12":"taxable","13":"shipping-taxable","14":"purchasable","15":"product-type-simple"},"_links":{"self":[{"href":"https:\/\/doll.shop\/de\/wp-json\/wp\/v2\/product\/947917","targetHints":{"allow":["GET"]}}],"collection":[{"href":"https:\/\/doll.shop\/de\/wp-json\/wp\/v2\/product"}],"about":[{"href":"https:\/\/doll.shop\/de\/wp-json\/wp\/v2\/types\/product"}],"replies":[{"embeddable":true,"href":"https:\/\/doll.shop\/de\/wp-json\/wp\/v2\/comments?post=947917"}],"wp:featuredmedia":[{"embeddable":true,"href":"https:\/\/doll.shop\/de\/wp-json\/wp\/v2\/media\/947540"}],"wp:attachment":[{"href":"https:\/\/doll.shop\/de\/wp-json\/wp\/v2\/media?parent=947917"}],"wp:term":[{"taxonomy":"product_brand","embeddable":true,"href":"https:\/\/doll.shop\/de\/wp-json\/wp\/v2\/product_brand?post=947917"},{"taxonomy":"product_cat","embeddable":true,"href":"https:\/\/doll.shop\/de\/wp-json\/wp\/v2\/product_cat?post=947917"},{"taxonomy":"product_tag","embeddable":true,"href":"https:\/\/doll.shop\/de\/wp-json\/wp\/v2\/product_tag?post=947917"}],"curies":[{"name":"wp","href":"https:\/\/api.w.org\/{rel}","templated":true}]}}