{"id":947912,"date":"2025-09-16T09:09:35","date_gmt":"2025-09-16T07:09:35","guid":{"rendered":"https:\/\/doll.shop\/?post_type=product&#038;p=947912"},"modified":"2026-04-14T00:16:41","modified_gmt":"2026-04-13T22:16:41","slug":"firedoll-camila-156-cm","status":"publish","type":"product","link":"https:\/\/doll.shop\/de\/produkt\/firedoll-camila-156-cm\/","title":{"rendered":"Firedoll Camila | 156 cm"},"content":{"rendered":"","protected":false},"excerpt":{"rendered":"<p>Camila ist eine 156 cm gro\u00dfe brasilianische Sch\u00f6nheit mit einem nat\u00fcrlichen D-K\u00f6rbchen und einem verspielten Look. Ihre weiche TPE-Haut f\u00fchlt sich realistisch an, w\u00e4hrend das Metallskelett f\u00fcr geschmeidige und stabile Bewegungen sorgt. Mit drei realistischen \u00d6ffnungen bietet Camila ein vielseitiges und intensives Erlebnis, das Sie so schnell nicht vergessen werden.  <\/p>\n","protected":false},"featured_media":947312,"comment_status":"open","ping_status":"closed","template":"","meta":[],"product_brand":[1404],"product_cat":[18],"product_tag":[],"class_list":{"0":"post-947912","1":"product","2":"type-product","3":"status-publish","4":"has-post-thumbnail","6":"product_brand-firedoll","7":"product_cat-firedoll","9":"first","10":"instock","11":"sale","12":"taxable","13":"shipping-taxable","14":"purchasable","15":"product-type-simple"},"_links":{"self":[{"href":"https:\/\/doll.shop\/de\/wp-json\/wp\/v2\/product\/947912","targetHints":{"allow":["GET"]}}],"collection":[{"href":"https:\/\/doll.shop\/de\/wp-json\/wp\/v2\/product"}],"about":[{"href":"https:\/\/doll.shop\/de\/wp-json\/wp\/v2\/types\/product"}],"replies":[{"embeddable":true,"href":"https:\/\/doll.shop\/de\/wp-json\/wp\/v2\/comments?post=947912"}],"wp:featuredmedia":[{"embeddable":true,"href":"https:\/\/doll.shop\/de\/wp-json\/wp\/v2\/media\/947312"}],"wp:attachment":[{"href":"https:\/\/doll.shop\/de\/wp-json\/wp\/v2\/media?parent=947912"}],"wp:term":[{"taxonomy":"product_brand","embeddable":true,"href":"https:\/\/doll.shop\/de\/wp-json\/wp\/v2\/product_brand?post=947912"},{"taxonomy":"product_cat","embeddable":true,"href":"https:\/\/doll.shop\/de\/wp-json\/wp\/v2\/product_cat?post=947912"},{"taxonomy":"product_tag","embeddable":true,"href":"https:\/\/doll.shop\/de\/wp-json\/wp\/v2\/product_tag?post=947912"}],"curies":[{"name":"wp","href":"https:\/\/api.w.org\/{rel}","templated":true}]}}