{"id":947293,"date":"2025-09-11T16:13:17","date_gmt":"2025-09-11T14:13:17","guid":{"rendered":"https:\/\/doll.shop\/?post_type=product&#038;p=947293"},"modified":"2026-03-10T22:55:02","modified_gmt":"2026-03-10T21:55:02","slug":"dutchdoll-komplettes-pflegeset","status":"publish","type":"product","link":"https:\/\/doll.shop\/de\/produkt\/dutchdoll-komplettes-pflegeset\/","title":{"rendered":"DutchDoll Komplettes Pflegeset"},"content":{"rendered":"","protected":false},"excerpt":{"rendered":"<p><span data-teams=\"true\"><strong>DutchDoll Gleitmittel auf Wasserbasis, Pflegepuder<\/strong> und <strong>Intimwaschmittel<\/strong> funktionieren wie eine einfache Pflegeroutine. Sie beginnen mit dem Gleitmittel auf Wasserbasis. Es ist transparent, f\u00fchlt sich leicht und nat\u00fcrlich an und ist sicher f\u00fcr TPE und Silikon. Es eignet sich auch f\u00fcr Latexkondome, so dass Sie ohne viel Aufhebens genie\u00dfen k\u00f6nnen. Reinigen Sie nach der Anwendung mit dem seifenfreien Intimwaschmittel. Mild f\u00fcr die intimsten Stellen, gr\u00fcndlich sauber und schonend f\u00fcr das Material. Lassen Sie dann alles gr\u00fcndlich trocknen und streuen Sie das Pflegepuder auf. Das Puder absorbiert Restfeuchtigkeit, verhindert Klebrigkeit und h\u00e4lt die Haut Ihrer Puppe oder Ihres Masturbators wieder seidig und glatt. Bereit f\u00fcr die n\u00e4chste Session. <\/span><\/p>\n","protected":false},"featured_media":948411,"comment_status":"open","ping_status":"closed","template":"","meta":[],"product_brand":[],"product_cat":[185],"product_tag":[],"class_list":{"0":"post-947293","1":"product","2":"type-product","3":"status-publish","4":"has-post-thumbnail","6":"product_cat-zubehor","7":"product_shipping_class-small-2","9":"first","10":"instock","11":"sale","12":"taxable","13":"shipping-taxable","14":"purchasable","15":"product-type-simple"},"_links":{"self":[{"href":"https:\/\/doll.shop\/de\/wp-json\/wp\/v2\/product\/947293","targetHints":{"allow":["GET"]}}],"collection":[{"href":"https:\/\/doll.shop\/de\/wp-json\/wp\/v2\/product"}],"about":[{"href":"https:\/\/doll.shop\/de\/wp-json\/wp\/v2\/types\/product"}],"replies":[{"embeddable":true,"href":"https:\/\/doll.shop\/de\/wp-json\/wp\/v2\/comments?post=947293"}],"wp:featuredmedia":[{"embeddable":true,"href":"https:\/\/doll.shop\/de\/wp-json\/wp\/v2\/media\/948411"}],"wp:attachment":[{"href":"https:\/\/doll.shop\/de\/wp-json\/wp\/v2\/media?parent=947293"}],"wp:term":[{"taxonomy":"product_brand","embeddable":true,"href":"https:\/\/doll.shop\/de\/wp-json\/wp\/v2\/product_brand?post=947293"},{"taxonomy":"product_cat","embeddable":true,"href":"https:\/\/doll.shop\/de\/wp-json\/wp\/v2\/product_cat?post=947293"},{"taxonomy":"product_tag","embeddable":true,"href":"https:\/\/doll.shop\/de\/wp-json\/wp\/v2\/product_tag?post=947293"}],"curies":[{"name":"wp","href":"https:\/\/api.w.org\/{rel}","templated":true}]}}