{"id":942624,"date":"2024-08-29T14:49:49","date_gmt":"2024-08-29T12:49:49","guid":{"rendered":"https:\/\/doll.shop\/produkt\/dutchdoll-jade-158-cm\/"},"modified":"2026-04-20T14:37:20","modified_gmt":"2026-04-20T12:37:20","slug":"dutchdoll-jade-158-cm","status":"publish","type":"product","link":"https:\/\/doll.shop\/de\/produkt\/dutchdoll-jade-158-cm\/","title":{"rendered":"DutchDoll Jade | 158 cm"},"content":{"rendered":"","protected":false},"excerpt":{"rendered":"<p>DutchDoll Jade ist eine 158 cm gro\u00dfe realistische Sexpuppe mit hellblondem Haar und gr\u00fcnen Augen. Sie hat seidig glatte Haut, perfekt geformte Br\u00fcste und luxuri\u00f6se Optionen wie ein Handskelett, weiche Haut, ein Evo-Skelett und einen beweglichen Kiefer f\u00fcr ein lebensechtes Erlebnis. Mit seinem geringen Gewicht von weniger als 30 kg ist er leicht zu transportieren. Jade verbindet anspruchsvolle \u00c4sthetik mit Benutzerfreundlichkeit zu einem unvergesslichen Erlebnis<\/p>\n","protected":false},"featured_media":940389,"comment_status":"open","ping_status":"closed","template":"","meta":[],"product_brand":[1403],"product_cat":[16,17],"product_tag":[],"class_list":{"0":"post-942624","1":"product","2":"type-product","3":"status-publish","4":"has-post-thumbnail","6":"product_brand-dutchdoll","7":"product_cat-sexpuppen","8":"product_cat-dutchdoll","9":"pa_brand-dutchdoll","11":"first","12":"instock","13":"taxable","14":"shipping-taxable","15":"purchasable","16":"product-type-simple"},"_links":{"self":[{"href":"https:\/\/doll.shop\/de\/wp-json\/wp\/v2\/product\/942624","targetHints":{"allow":["GET"]}}],"collection":[{"href":"https:\/\/doll.shop\/de\/wp-json\/wp\/v2\/product"}],"about":[{"href":"https:\/\/doll.shop\/de\/wp-json\/wp\/v2\/types\/product"}],"replies":[{"embeddable":true,"href":"https:\/\/doll.shop\/de\/wp-json\/wp\/v2\/comments?post=942624"}],"wp:featuredmedia":[{"embeddable":true,"href":"https:\/\/doll.shop\/de\/wp-json\/wp\/v2\/media\/940389"}],"wp:attachment":[{"href":"https:\/\/doll.shop\/de\/wp-json\/wp\/v2\/media?parent=942624"}],"wp:term":[{"taxonomy":"product_brand","embeddable":true,"href":"https:\/\/doll.shop\/de\/wp-json\/wp\/v2\/product_brand?post=942624"},{"taxonomy":"product_cat","embeddable":true,"href":"https:\/\/doll.shop\/de\/wp-json\/wp\/v2\/product_cat?post=942624"},{"taxonomy":"product_tag","embeddable":true,"href":"https:\/\/doll.shop\/de\/wp-json\/wp\/v2\/product_tag?post=942624"}],"curies":[{"name":"wp","href":"https:\/\/api.w.org\/{rel}","templated":true}]}}