{"id":942620,"date":"2024-08-29T14:53:42","date_gmt":"2024-08-29T12:53:42","guid":{"rendered":"https:\/\/doll.shop\/produkt\/dutchdoll-lilly-158-cm\/"},"modified":"2026-04-22T01:49:37","modified_gmt":"2026-04-21T23:49:37","slug":"dutchdoll-lilly-158-cm","status":"publish","type":"product","link":"https:\/\/doll.shop\/de\/produkt\/dutchdoll-lilly-158-cm\/","title":{"rendered":"DutchDoll Lilly | 158 cm"},"content":{"rendered":"","protected":false},"excerpt":{"rendered":"<p>Lilly ist eine wundersch\u00f6ne und realistische 158 cm gro\u00dfe Blondine mit einer mittleren K\u00f6rbchengr\u00f6\u00dfe, die f\u00fcr ein unwiderstehliches Erlebnis sorgt. Sie ist mit luxuri\u00f6sen Optionen ausgestattet, wie einem Handskelett, mit dem Sie ihre H\u00e4nde in jede beliebige Position bringen k\u00f6nnen, und der Soft-Skin-Technologie f\u00fcr ein lebensechtes Gef\u00fchl. Das Evo-Skelett sorgt f\u00fcr flexible und nat\u00fcrliche Bewegungen, w\u00e4hrend der bewegliche Kiefer ein zus\u00e4tzliches orales Vergn\u00fcgen bietet. Mit einem Gewicht von weniger als 30 kg ist Lilly au\u00dferdem sehr handlich und leicht zu transportieren. Was Lilly besonders macht, ist die Verwendung hochwertiger Materialien und Technologien durch DutchDoll. Die Marke ist bekannt f\u00fcr ihr Engagement f\u00fcr Handwerkskunst und Innovation. Das Ergebnis sind Produkte, die nicht nur realistisch und funktional, sondern auch von h\u00f6chster Qualit\u00e4t sind. Lilly ist eine ausgezeichnete Wahl f\u00fcr alle, die eine hochwertige Puppe suchen.   <\/p>\n","protected":false},"featured_media":940774,"comment_status":"open","ping_status":"closed","template":"","meta":[],"product_brand":[1403],"product_cat":[16,17],"product_tag":[],"class_list":{"0":"post-942620","1":"product","2":"type-product","3":"status-publish","4":"has-post-thumbnail","6":"product_brand-dutchdoll","7":"product_cat-sexpuppen","8":"product_cat-dutchdoll","9":"pa_brand-dutchdoll","11":"first","12":"instock","13":"taxable","14":"shipping-taxable","15":"purchasable","16":"product-type-simple"},"_links":{"self":[{"href":"https:\/\/doll.shop\/de\/wp-json\/wp\/v2\/product\/942620","targetHints":{"allow":["GET"]}}],"collection":[{"href":"https:\/\/doll.shop\/de\/wp-json\/wp\/v2\/product"}],"about":[{"href":"https:\/\/doll.shop\/de\/wp-json\/wp\/v2\/types\/product"}],"replies":[{"embeddable":true,"href":"https:\/\/doll.shop\/de\/wp-json\/wp\/v2\/comments?post=942620"}],"wp:featuredmedia":[{"embeddable":true,"href":"https:\/\/doll.shop\/de\/wp-json\/wp\/v2\/media\/940774"}],"wp:attachment":[{"href":"https:\/\/doll.shop\/de\/wp-json\/wp\/v2\/media?parent=942620"}],"wp:term":[{"taxonomy":"product_brand","embeddable":true,"href":"https:\/\/doll.shop\/de\/wp-json\/wp\/v2\/product_brand?post=942620"},{"taxonomy":"product_cat","embeddable":true,"href":"https:\/\/doll.shop\/de\/wp-json\/wp\/v2\/product_cat?post=942620"},{"taxonomy":"product_tag","embeddable":true,"href":"https:\/\/doll.shop\/de\/wp-json\/wp\/v2\/product_tag?post=942620"}],"curies":[{"name":"wp","href":"https:\/\/api.w.org\/{rel}","templated":true}]}}