{"id":942615,"date":"2024-08-29T14:53:05","date_gmt":"2024-08-29T12:53:05","guid":{"rendered":"https:\/\/doll.shop\/produkt\/dutchdoll-sara-158-cm\/"},"modified":"2026-04-24T21:04:20","modified_gmt":"2026-04-24T19:04:20","slug":"dutchdoll-sara-158-cm","status":"publish","type":"product","link":"https:\/\/doll.shop\/de\/produkt\/dutchdoll-sara-158-cm\/","title":{"rendered":"DutchDoll Sara | 158 cm"},"content":{"rendered":"","protected":false},"excerpt":{"rendered":"<p>Sara ist eine 158 cm gro\u00dfe realistische Sexpuppe mit blondem Haar, gr\u00fcnen Augen und sch\u00f6nen Br\u00fcsten.<br \/>\nMit einem fortschrittlichen Handskelett, weicher Haut, einem Evo-Skelett und einem beweglichen Kiefer f\u00fchlt sie sich lebensecht an und kann nat\u00fcrliche Bewegungen imitieren.<br \/>\nMit einem Gewicht von weniger als 30 kg ist Sara leicht zu transportieren und Sie werden ihre Gesellschaft \u00fcberall genie\u00dfen.<br \/>\nDutchDoll ist bekannt f\u00fcr hohe Qualit\u00e4t und Liebe zum Detail, und Sara ist ein Paradebeispiel daf\u00fcr.<br \/>\nSie verk\u00f6rpert DutchDolls Engagement f\u00fcr Handwerkskunst und Kundenzufriedenheit f\u00fcr ein einzigartiges Erlebnis.    <\/p>\n","protected":false},"featured_media":940578,"comment_status":"open","ping_status":"closed","template":"","meta":[],"product_brand":[1403],"product_cat":[16,17],"product_tag":[],"class_list":{"0":"post-942615","1":"product","2":"type-product","3":"status-publish","4":"has-post-thumbnail","6":"product_brand-dutchdoll","7":"product_cat-sexpuppen","8":"product_cat-dutchdoll","9":"pa_brand-dutchdoll","11":"first","12":"instock","13":"taxable","14":"shipping-taxable","15":"purchasable","16":"product-type-simple"},"_links":{"self":[{"href":"https:\/\/doll.shop\/de\/wp-json\/wp\/v2\/product\/942615","targetHints":{"allow":["GET"]}}],"collection":[{"href":"https:\/\/doll.shop\/de\/wp-json\/wp\/v2\/product"}],"about":[{"href":"https:\/\/doll.shop\/de\/wp-json\/wp\/v2\/types\/product"}],"replies":[{"embeddable":true,"href":"https:\/\/doll.shop\/de\/wp-json\/wp\/v2\/comments?post=942615"}],"wp:featuredmedia":[{"embeddable":true,"href":"https:\/\/doll.shop\/de\/wp-json\/wp\/v2\/media\/940578"}],"wp:attachment":[{"href":"https:\/\/doll.shop\/de\/wp-json\/wp\/v2\/media?parent=942615"}],"wp:term":[{"taxonomy":"product_brand","embeddable":true,"href":"https:\/\/doll.shop\/de\/wp-json\/wp\/v2\/product_brand?post=942615"},{"taxonomy":"product_cat","embeddable":true,"href":"https:\/\/doll.shop\/de\/wp-json\/wp\/v2\/product_cat?post=942615"},{"taxonomy":"product_tag","embeddable":true,"href":"https:\/\/doll.shop\/de\/wp-json\/wp\/v2\/product_tag?post=942615"}],"curies":[{"name":"wp","href":"https:\/\/api.w.org\/{rel}","templated":true}]}}