{"id":942611,"date":"2024-08-29T14:55:24","date_gmt":"2024-08-29T12:55:24","guid":{"rendered":"https:\/\/doll.shop\/produkt\/dutchdoll-layla-158-cm\/"},"modified":"2026-05-02T09:33:47","modified_gmt":"2026-05-02T07:33:47","slug":"dutchdoll-layla-158-cm","status":"publish","type":"product","link":"https:\/\/doll.shop\/de\/produkt\/dutchdoll-layla-158-cm\/","title":{"rendered":"DutchDoll Layla | 158 cm"},"content":{"rendered":"","protected":false},"excerpt":{"rendered":"<p>DutchDoll Layla ist eine lebensechte 158 cm gro\u00dfe Sexpuppe, die sowohl Sch\u00f6nheit als auch Funktionalit\u00e4t bietet. Diese unwiderstehliche Br\u00fcnette mit wundersch\u00f6nen gr\u00fcnen Augen und dunklem Haar verf\u00fcgt \u00fcber eine mittlere K\u00f6rbchengr\u00f6\u00dfe und luxuri\u00f6se Optionen wie ein Handskelett und eine weiche Hauttechnologie f\u00fcr ein lebensechtes Gef\u00fchl. Das fortschrittliche Evo-Skelett sorgt f\u00fcr geschmeidige Bewegungen, w\u00e4hrend der bewegliche Kiefer f\u00fcr zus\u00e4tzlichen Realismus sorgt. Mit einem Gewicht von weniger als 30 kg ist Layla au\u00dferdem leicht zu handhaben, ohne dass das realistische Erlebnis darunter leidet. DutchDoll ist bekannt f\u00fcr seine exzellente Handwerkskunst und sein Engagement f\u00fcr Qualit\u00e4t, was sich in Laylas Design in einer harmonischen Kombination aus hohem Realismus und fortschrittlicher Funktionalit\u00e4t niederschl\u00e4gt.<\/p>\n","protected":false},"featured_media":940963,"comment_status":"open","ping_status":"closed","template":"","meta":[],"product_brand":[1403],"product_cat":[16,17],"product_tag":[],"class_list":{"0":"post-942611","1":"product","2":"type-product","3":"status-publish","4":"has-post-thumbnail","6":"product_brand-dutchdoll","7":"product_cat-sexpuppen","8":"product_cat-dutchdoll","9":"pa_brand-dutchdoll","11":"first","12":"instock","13":"featured","14":"taxable","15":"shipping-taxable","16":"purchasable","17":"product-type-simple"},"_links":{"self":[{"href":"https:\/\/doll.shop\/de\/wp-json\/wp\/v2\/product\/942611","targetHints":{"allow":["GET"]}}],"collection":[{"href":"https:\/\/doll.shop\/de\/wp-json\/wp\/v2\/product"}],"about":[{"href":"https:\/\/doll.shop\/de\/wp-json\/wp\/v2\/types\/product"}],"replies":[{"embeddable":true,"href":"https:\/\/doll.shop\/de\/wp-json\/wp\/v2\/comments?post=942611"}],"wp:featuredmedia":[{"embeddable":true,"href":"https:\/\/doll.shop\/de\/wp-json\/wp\/v2\/media\/940963"}],"wp:attachment":[{"href":"https:\/\/doll.shop\/de\/wp-json\/wp\/v2\/media?parent=942611"}],"wp:term":[{"taxonomy":"product_brand","embeddable":true,"href":"https:\/\/doll.shop\/de\/wp-json\/wp\/v2\/product_brand?post=942611"},{"taxonomy":"product_cat","embeddable":true,"href":"https:\/\/doll.shop\/de\/wp-json\/wp\/v2\/product_cat?post=942611"},{"taxonomy":"product_tag","embeddable":true,"href":"https:\/\/doll.shop\/de\/wp-json\/wp\/v2\/product_tag?post=942611"}],"curies":[{"name":"wp","href":"https:\/\/api.w.org\/{rel}","templated":true}]}}