{"id":942603,"date":"2024-09-17T09:12:55","date_gmt":"2024-09-17T07:12:55","guid":{"rendered":"https:\/\/doll.shop\/?post_type=product&#038;p=942603"},"modified":"2026-04-15T12:07:28","modified_gmt":"2026-04-15T10:07:28","slug":"dutchdoll-isabella-158-cm","status":"publish","type":"product","link":"https:\/\/doll.shop\/de\/produkt\/dutchdoll-isabella-158-cm\/","title":{"rendered":"DutchDoll Isabella | 158 cm"},"content":{"rendered":"","protected":false},"excerpt":{"rendered":"<p>Lernen Sie Isabella kennen, eine schlanke 158 cm gro\u00dfe Sch\u00f6nheit mit einem s\u00fc\u00dfen, attraktiven Aussehen.<br \/>\nIhre hypnotisierenden blauen Augen und ihr langes braunes Haar verleihen ihr einen unwiderstehlichen Charme.<br \/>\nIsabella ist eine Premium DutchDoll, ausgestattet mit Luxusoptionen f\u00fcr das ultimative realistische Erlebnis.<br \/>\nDas EVO+ Skelett sorgt f\u00fcr nat\u00fcrliche Bewegungen, w\u00e4hrend sich ihre lebensechte Haut weich und fein anf\u00fchlt.<br \/>\nDank ihres Handskeletts und ihres detaillierten, ausdrucksstarken Gesichts, das mit einem beweglichen Kiefer ausgestattet ist, bietet Isabella einen unvergleichlichen Grad an Realismus, selbst bei oralen Aktivit\u00e4ten.<br \/>\nNehmen Sie diese elegante und hochwertige Puppe in Ihre Sammlung auf und entdecken Sie die Perfektion von DutchDoll.     <\/p>\n","protected":false},"featured_media":941332,"comment_status":"open","ping_status":"closed","template":"","meta":[],"product_brand":[1403],"product_cat":[16,17],"product_tag":[],"class_list":{"0":"post-942603","1":"product","2":"type-product","3":"status-publish","4":"has-post-thumbnail","6":"product_brand-dutchdoll","7":"product_cat-sexpuppen","8":"product_cat-dutchdoll","9":"pa_brand-dutchdoll","11":"first","12":"instock","13":"taxable","14":"shipping-taxable","15":"purchasable","16":"product-type-simple"},"_links":{"self":[{"href":"https:\/\/doll.shop\/de\/wp-json\/wp\/v2\/product\/942603","targetHints":{"allow":["GET"]}}],"collection":[{"href":"https:\/\/doll.shop\/de\/wp-json\/wp\/v2\/product"}],"about":[{"href":"https:\/\/doll.shop\/de\/wp-json\/wp\/v2\/types\/product"}],"replies":[{"embeddable":true,"href":"https:\/\/doll.shop\/de\/wp-json\/wp\/v2\/comments?post=942603"}],"wp:featuredmedia":[{"embeddable":true,"href":"https:\/\/doll.shop\/de\/wp-json\/wp\/v2\/media\/941332"}],"wp:attachment":[{"href":"https:\/\/doll.shop\/de\/wp-json\/wp\/v2\/media?parent=942603"}],"wp:term":[{"taxonomy":"product_brand","embeddable":true,"href":"https:\/\/doll.shop\/de\/wp-json\/wp\/v2\/product_brand?post=942603"},{"taxonomy":"product_cat","embeddable":true,"href":"https:\/\/doll.shop\/de\/wp-json\/wp\/v2\/product_cat?post=942603"},{"taxonomy":"product_tag","embeddable":true,"href":"https:\/\/doll.shop\/de\/wp-json\/wp\/v2\/product_tag?post=942603"}],"curies":[{"name":"wp","href":"https:\/\/api.w.org\/{rel}","templated":true}]}}