{"id":941884,"date":"2024-08-29T14:14:44","date_gmt":"2024-08-29T12:14:44","guid":{"rendered":"https:\/\/doll.shop\/produkt\/dutchdoll-nina-161-cm\/"},"modified":"2026-04-10T11:32:04","modified_gmt":"2026-04-10T09:32:04","slug":"dutchdoll-nina-161-cm","status":"publish","type":"product","link":"https:\/\/doll.shop\/de\/produkt\/dutchdoll-nina-161-cm\/","title":{"rendered":"DutchDoll Nina | 161 cm"},"content":{"rendered":"","protected":false},"excerpt":{"rendered":"<p>Nina ist eine bezaubernde 161 cm gro\u00dfe Sexpuppe mit sch\u00f6nen braunen Haaren und tiefbraunen Augen, die Sie sofort verf\u00fchren. Ihre sinnlichen Kurven und ihr unwiderstehliches Aussehen bieten ein unvergleichliches Erlebnis, perfekt f\u00fcr diejenigen, die eine realistische und intime Erfahrung suchen. DutchDoll ist bekannt f\u00fcr seine hochwertigen Produkte, die mit viel Liebe zum Detail und Qualit\u00e4t hergestellt werden und jede Begegnung mit Nina zu einem unvergesslichen Erlebnis machen. W\u00e4hlen Sie DutchDoll und entdecken Sie, warum diese Marke ein Synonym f\u00fcr ultimative Perfektion und Zufriedenheit ist.   <\/p>\n","protected":false},"featured_media":939869,"comment_status":"open","ping_status":"closed","template":"","meta":[],"product_brand":[1403],"product_cat":[16,17],"product_tag":[],"class_list":{"0":"post-941884","1":"product","2":"type-product","3":"status-publish","4":"has-post-thumbnail","6":"product_brand-dutchdoll","7":"product_cat-sexpuppen","8":"product_cat-dutchdoll","9":"pa_brand-dutchdoll","11":"first","12":"instock","13":"taxable","14":"shipping-taxable","15":"purchasable","16":"product-type-simple"},"_links":{"self":[{"href":"https:\/\/doll.shop\/de\/wp-json\/wp\/v2\/product\/941884","targetHints":{"allow":["GET"]}}],"collection":[{"href":"https:\/\/doll.shop\/de\/wp-json\/wp\/v2\/product"}],"about":[{"href":"https:\/\/doll.shop\/de\/wp-json\/wp\/v2\/types\/product"}],"replies":[{"embeddable":true,"href":"https:\/\/doll.shop\/de\/wp-json\/wp\/v2\/comments?post=941884"}],"wp:featuredmedia":[{"embeddable":true,"href":"https:\/\/doll.shop\/de\/wp-json\/wp\/v2\/media\/939869"}],"wp:attachment":[{"href":"https:\/\/doll.shop\/de\/wp-json\/wp\/v2\/media?parent=941884"}],"wp:term":[{"taxonomy":"product_brand","embeddable":true,"href":"https:\/\/doll.shop\/de\/wp-json\/wp\/v2\/product_brand?post=941884"},{"taxonomy":"product_cat","embeddable":true,"href":"https:\/\/doll.shop\/de\/wp-json\/wp\/v2\/product_cat?post=941884"},{"taxonomy":"product_tag","embeddable":true,"href":"https:\/\/doll.shop\/de\/wp-json\/wp\/v2\/product_tag?post=941884"}],"curies":[{"name":"wp","href":"https:\/\/api.w.org\/{rel}","templated":true}]}}