{"id":941882,"date":"2024-08-29T14:13:38","date_gmt":"2024-08-29T12:13:38","guid":{"rendered":"https:\/\/doll.shop\/produkt\/dutchdoll-chloe-161-cm\/"},"modified":"2026-04-16T08:36:55","modified_gmt":"2026-04-16T06:36:55","slug":"dutchdoll-chloe-161-cm","status":"publish","type":"product","link":"https:\/\/doll.shop\/de\/produkt\/dutchdoll-chloe-161-cm\/","title":{"rendered":"DutchDoll Chloe | 161 cm"},"content":{"rendered":"","protected":false},"excerpt":{"rendered":"<p>Chloe ist eine lebensechte 161 cm gro\u00dfe Sexpuppe mit sch\u00f6nem dunkelblondem Haar, das perfekt zu ihren verf\u00fchrerischen blauen Augen passt. Ihr sinnliches Aussehen und die sorgf\u00e4ltig ausgearbeiteten Details machen sie zu einer unwiderstehlichen Wahl f\u00fcr alle, die ein intensives und realistisches Erlebnis suchen. Entdecken Sie Chloes unwiderstehliche Anziehungskraft und lassen Sie sich von ihrer atemberaubenden Sch\u00f6nheit und ihrem Charme vollkommen mitrei\u00dfen.  <\/p>\n","protected":false},"featured_media":939715,"comment_status":"open","ping_status":"closed","template":"","meta":[],"product_brand":[1403],"product_cat":[16,17],"product_tag":[],"class_list":{"0":"post-941882","1":"product","2":"type-product","3":"status-publish","4":"has-post-thumbnail","6":"product_brand-dutchdoll","7":"product_cat-sexpuppen","8":"product_cat-dutchdoll","9":"pa_brand-dutchdoll","11":"first","12":"instock","13":"taxable","14":"shipping-taxable","15":"purchasable","16":"product-type-simple"},"_links":{"self":[{"href":"https:\/\/doll.shop\/de\/wp-json\/wp\/v2\/product\/941882","targetHints":{"allow":["GET"]}}],"collection":[{"href":"https:\/\/doll.shop\/de\/wp-json\/wp\/v2\/product"}],"about":[{"href":"https:\/\/doll.shop\/de\/wp-json\/wp\/v2\/types\/product"}],"replies":[{"embeddable":true,"href":"https:\/\/doll.shop\/de\/wp-json\/wp\/v2\/comments?post=941882"}],"wp:featuredmedia":[{"embeddable":true,"href":"https:\/\/doll.shop\/de\/wp-json\/wp\/v2\/media\/939715"}],"wp:attachment":[{"href":"https:\/\/doll.shop\/de\/wp-json\/wp\/v2\/media?parent=941882"}],"wp:term":[{"taxonomy":"product_brand","embeddable":true,"href":"https:\/\/doll.shop\/de\/wp-json\/wp\/v2\/product_brand?post=941882"},{"taxonomy":"product_cat","embeddable":true,"href":"https:\/\/doll.shop\/de\/wp-json\/wp\/v2\/product_cat?post=941882"},{"taxonomy":"product_tag","embeddable":true,"href":"https:\/\/doll.shop\/de\/wp-json\/wp\/v2\/product_tag?post=941882"}],"curies":[{"name":"wp","href":"https:\/\/api.w.org\/{rel}","templated":true}]}}