{"id":941880,"date":"2024-08-29T14:09:22","date_gmt":"2024-08-29T12:09:22","guid":{"rendered":"https:\/\/doll.shop\/?post_type=product&#038;p=941880"},"modified":"2026-04-16T08:37:06","modified_gmt":"2026-04-16T06:37:06","slug":"dutchdoll-hannah-161-cm","status":"publish","type":"product","link":"https:\/\/doll.shop\/de\/produkt\/dutchdoll-hannah-161-cm\/","title":{"rendered":"DutchDoll Hannah | 161 cm"},"content":{"rendered":"","protected":false},"excerpt":{"rendered":"<p>Hannah ist eine lebensechte 161 cm gro\u00dfe Sexpuppe mit sch\u00f6nen blonden Locken und funkelnden blauen Augen. Ihre etwas f\u00fclligere Figur strahlt Weiblichkeit aus, und ihr frisches, jugendliches Aussehen schafft eine unwiderstehliche Kombination aus Eleganz und Attraktivit\u00e4t. Ideal f\u00fcr alle, die ein \u00e4u\u00dferst realistisches Erlebnis suchen, bei dem sowohl Aussehen als auch Details sorgf\u00e4ltig auf Ihre Bed\u00fcrfnisse abgestimmt sind.  <\/p>\n","protected":false},"featured_media":939533,"comment_status":"open","ping_status":"closed","template":"","meta":[],"product_brand":[1403],"product_cat":[16,17],"product_tag":[],"class_list":{"0":"post-941880","1":"product","2":"type-product","3":"status-publish","4":"has-post-thumbnail","6":"product_brand-dutchdoll","7":"product_cat-sexpuppen","8":"product_cat-dutchdoll","9":"pa_brand-dutchdoll","11":"first","12":"instock","13":"taxable","14":"shipping-taxable","15":"purchasable","16":"product-type-simple"},"_links":{"self":[{"href":"https:\/\/doll.shop\/de\/wp-json\/wp\/v2\/product\/941880","targetHints":{"allow":["GET"]}}],"collection":[{"href":"https:\/\/doll.shop\/de\/wp-json\/wp\/v2\/product"}],"about":[{"href":"https:\/\/doll.shop\/de\/wp-json\/wp\/v2\/types\/product"}],"replies":[{"embeddable":true,"href":"https:\/\/doll.shop\/de\/wp-json\/wp\/v2\/comments?post=941880"}],"wp:featuredmedia":[{"embeddable":true,"href":"https:\/\/doll.shop\/de\/wp-json\/wp\/v2\/media\/939533"}],"wp:attachment":[{"href":"https:\/\/doll.shop\/de\/wp-json\/wp\/v2\/media?parent=941880"}],"wp:term":[{"taxonomy":"product_brand","embeddable":true,"href":"https:\/\/doll.shop\/de\/wp-json\/wp\/v2\/product_brand?post=941880"},{"taxonomy":"product_cat","embeddable":true,"href":"https:\/\/doll.shop\/de\/wp-json\/wp\/v2\/product_cat?post=941880"},{"taxonomy":"product_tag","embeddable":true,"href":"https:\/\/doll.shop\/de\/wp-json\/wp\/v2\/product_tag?post=941880"}],"curies":[{"name":"wp","href":"https:\/\/api.w.org\/{rel}","templated":true}]}}