{"id":8578,"date":"2022-12-12T10:25:24","date_gmt":"2022-12-12T09:25:24","guid":{"rendered":"https:\/\/doll.shop\/?post_type=product&#038;p=8578"},"modified":"2026-01-16T17:57:21","modified_gmt":"2026-01-16T16:57:21","slug":"ak-doll-175-cm","status":"publish","type":"product","link":"https:\/\/doll.shop\/de\/produkt\/ak-doll-175-cm\/","title":{"rendered":"AK Doll Thea | 175 cm"},"content":{"rendered":"","protected":false},"excerpt":{"rendered":"<p>Doll.shop stellt Ihnen mit der AK Doll Thea eine ganz besondere Premium-Sexpuppe vor. Wenn Sie nur das Beste vom Besten interessant finden, sollten Sie sich diese wunderbare Br\u00fcnette auf jeden Fall nicht entgehen lassen. <\/p>\n<p>Diese Liebespuppe ist sehr eindrucksvoll mit einer Gr\u00f6\u00dfe von 175cm. Sie ist damit die perfekte Partnerin f\u00fcr alle Liebhaber von gro\u00dfen Frauen. Thea hat bezaubernd-lange, schlanke Beine, die einen schnell verr\u00fcckt machen. Weiter noch hat diese Br\u00fcnette einen echten Traumk\u00f6rper. Sie hat sowohl sch\u00f6ne, gro\u00dfe Br\u00fcste, als auch einen attraktiven, sportlichen Hintern. Au\u00dferdem ist AK Doll Thea generell sehr schlank und hat nur an genau den richtigen Stellen weibliche Rundungen. Thea hat eine sehr helle Hautfarbe und wirkt dadurch sehr edel. Diese Liebespuppe der Marke AK Doll hat nicht nur einen perfekten K\u00f6rper, sondern auch noch ein sehr liebliches und sch\u00f6nes Gesicht. Stellen Sie sich nur einmal vor, was f\u00fcr sch\u00f6ne und romantische Momente Sie mit Thea beim Abendessen haben k\u00f6nnen. Au\u00dferdem k\u00f6nnen Sie noch Ihrer Fantasie freien Lauf lassen und sich mit dieser Traumfrau alle Ihrer sexuellen W\u00fcnsche erf\u00fcllen.<\/p>\n","protected":false},"featured_media":8595,"comment_status":"open","ping_status":"closed","template":"","meta":[],"product_brand":[1402],"product_cat":[200,16],"product_tag":[],"class_list":{"0":"post-8578","1":"product","2":"type-product","3":"status-publish","4":"has-post-thumbnail","6":"product_brand-ak-doll","7":"product_cat-angel-kiss-dolls-ak-dolls","8":"product_cat-sexpuppen","9":"pa_brand-ak-doll","11":"first","12":"onbackorder","13":"taxable","14":"shipping-taxable","15":"purchasable","16":"product-type-simple"},"_links":{"self":[{"href":"https:\/\/doll.shop\/de\/wp-json\/wp\/v2\/product\/8578","targetHints":{"allow":["GET"]}}],"collection":[{"href":"https:\/\/doll.shop\/de\/wp-json\/wp\/v2\/product"}],"about":[{"href":"https:\/\/doll.shop\/de\/wp-json\/wp\/v2\/types\/product"}],"replies":[{"embeddable":true,"href":"https:\/\/doll.shop\/de\/wp-json\/wp\/v2\/comments?post=8578"}],"wp:featuredmedia":[{"embeddable":true,"href":"https:\/\/doll.shop\/de\/wp-json\/wp\/v2\/media\/8595"}],"wp:attachment":[{"href":"https:\/\/doll.shop\/de\/wp-json\/wp\/v2\/media?parent=8578"}],"wp:term":[{"taxonomy":"product_brand","embeddable":true,"href":"https:\/\/doll.shop\/de\/wp-json\/wp\/v2\/product_brand?post=8578"},{"taxonomy":"product_cat","embeddable":true,"href":"https:\/\/doll.shop\/de\/wp-json\/wp\/v2\/product_cat?post=8578"},{"taxonomy":"product_tag","embeddable":true,"href":"https:\/\/doll.shop\/de\/wp-json\/wp\/v2\/product_tag?post=8578"}],"curies":[{"name":"wp","href":"https:\/\/api.w.org\/{rel}","templated":true}]}}