{"id":7349,"date":"2022-11-21T10:26:07","date_gmt":"2022-11-21T09:26:07","guid":{"rendered":"https:\/\/doll.shop\/?post_type=product&#038;p=7349"},"modified":"2026-01-16T17:57:23","modified_gmt":"2026-01-16T16:57:23","slug":"ak-doll-s165-s273-a","status":"publish","type":"product","link":"https:\/\/doll.shop\/de\/produkt\/ak-doll-s165-s273-a\/","title":{"rendered":"AK Doll Martha | 165cm"},"content":{"rendered":"","protected":false},"excerpt":{"rendered":"<p>Diese Br\u00fcnette ist 165cm gro\u00df und ist ein echter Hingucker. Dank der sehr realistischen Gr\u00f6\u00dfe sieht diese Sexpuppe unbeschreiblich echt aus. Sie hat einen sehr schlanken K\u00f6rperbau mit akktraktiven, langen Beinen. Auch ihr Oberk\u00f6rper ist bis auf ihre Br\u00fcste sehr schlank. Sie hat einen flachen, sehr sportlichen Bauch und wundervolle, perfekt runde Br\u00fcste. Diese Puppe ist alllerdings nicht nur etwas f\u00fcr Brust-Liebhaber. Sie hat n\u00e4mlich auch einen tollen Knackarsch. Au\u00dferdem hat sie ein bildsch\u00f6nes Gesicht, das perfekt symmetrisch ist. Wenn Sie diese Sch\u00f6nheit zum ersten Mal erblicken werden Sie vermutlich Ihren Augen nicht trauen. Es ist schwierig vorzustellen, dass jemand in echt so gut aussehen kann. Sie k\u00f6nnen mit dieser Sexpuppe der Marke AK Doll wirklich alles machen, worauf Sie Lust haben. Dabei ist es v\u00f6llig egal, ob Sie eher in der Stimmung f\u00fcr Kuscheleinheiten im Bett sind oder Ihre wildesten Fantasien mit dieser Liebespuppe ausleben m\u00f6chten. Wenn wir sagen, dass alles m\u00f6glich ist meinen wir das auch. Sie k\u00f6nnen verschiedene Positionen w\u00e4hrend dem Sex ausprobieren, sich aber auch f\u00fcr ein Rollenspiel mit der Puppe von AK Doll entscheiden. Sie entscheiden zu jedem Zeitpunkt, was Sie gemeinsam mit Ihrer Traumfrau machen.<\/p>\n<p>Bitte beachten Sie, dass wir alle Modelle von AK Doll standardm\u00e4\u00dfig mit einer abnehmbaren Per\u00fccke liefern. Wenn Sie sich eine implantierte Per\u00fccke w\u00fcnschen, bitte kontaktieren Sie uns f\u00fcr weiter Informationen.<\/p>\n","protected":false},"featured_media":7353,"comment_status":"open","ping_status":"closed","template":"","meta":[],"product_brand":[1402],"product_cat":[200,16],"product_tag":[],"class_list":{"0":"post-7349","1":"product","2":"type-product","3":"status-publish","4":"has-post-thumbnail","6":"product_brand-ak-doll","7":"product_cat-angel-kiss-dolls-ak-dolls","8":"product_cat-sexpuppen","9":"pa_brand-ak-doll","11":"first","12":"onbackorder","13":"taxable","14":"shipping-taxable","15":"purchasable","16":"product-type-simple"},"_links":{"self":[{"href":"https:\/\/doll.shop\/de\/wp-json\/wp\/v2\/product\/7349","targetHints":{"allow":["GET"]}}],"collection":[{"href":"https:\/\/doll.shop\/de\/wp-json\/wp\/v2\/product"}],"about":[{"href":"https:\/\/doll.shop\/de\/wp-json\/wp\/v2\/types\/product"}],"replies":[{"embeddable":true,"href":"https:\/\/doll.shop\/de\/wp-json\/wp\/v2\/comments?post=7349"}],"wp:featuredmedia":[{"embeddable":true,"href":"https:\/\/doll.shop\/de\/wp-json\/wp\/v2\/media\/7353"}],"wp:attachment":[{"href":"https:\/\/doll.shop\/de\/wp-json\/wp\/v2\/media?parent=7349"}],"wp:term":[{"taxonomy":"product_brand","embeddable":true,"href":"https:\/\/doll.shop\/de\/wp-json\/wp\/v2\/product_brand?post=7349"},{"taxonomy":"product_cat","embeddable":true,"href":"https:\/\/doll.shop\/de\/wp-json\/wp\/v2\/product_cat?post=7349"},{"taxonomy":"product_tag","embeddable":true,"href":"https:\/\/doll.shop\/de\/wp-json\/wp\/v2\/product_tag?post=7349"}],"curies":[{"name":"wp","href":"https:\/\/api.w.org\/{rel}","templated":true}]}}