{"id":7033,"date":"2022-11-07T07:44:57","date_gmt":"2022-11-07T06:44:57","guid":{"rendered":"https:\/\/doll.shop\/?post_type=product&#038;p=7033"},"modified":"2026-01-16T17:57:24","modified_gmt":"2026-01-16T16:57:24","slug":"ak-doll-s165-s273","status":"publish","type":"product","link":"https:\/\/doll.shop\/de\/produkt\/ak-doll-s165-s273\/","title":{"rendered":"AK Doll Lilly | 165cm"},"content":{"rendered":"","protected":false},"excerpt":{"rendered":"<p>AK Doll ist bekannt f\u00fcr die Herstellung von extrem hochwertigen Sexpuppen. Diese blonde Liebespuppe mit langen, glatten Haaren ist eine herausragende Sch\u00f6nheit, die im echten Leben leicht aus der Masse heraussticht. Dieses Modell der Marke AK Doll wurde komplett aus Silikon hergestellt. Die Sexpuppe sieht selbstverst\u00e4ndlich auf den Bildern bereits bezaubernd aus. Wir k\u00f6nnen Ihnen versprechen, dass Sie erstaunt sein werden, wenn Sie diese Puppe das erste Mal in Echt sehen. Sie hat aber nicht nur ein h\u00fcbsches Gesicht. Der K\u00f6rper dieser Blondine ist einfach nur perfekt. Lange, schlanke Beine und ein flacher Bauch unterstreichen die Sportlichkeit dieser Grazie. Die perfekt-runden Br\u00fcste und der knackige Hintern unterstreichen dahingegen die Weiblichkeit dieser Liebespuppe.<\/p>\n<p>Bitte beachten Sie, dass wir alle Modelle standardm\u00e4\u00dfig mit einer abnehmbaren Per\u00fccke liefern. Wenn Sie sich eine implantierte Per\u00fccke w\u00fcnschen, bitte kontaktieren Sie uns f\u00fcr weiter Informationen.<\/p>\n","protected":false},"featured_media":7287,"comment_status":"open","ping_status":"closed","template":"","meta":[],"product_brand":[1402],"product_cat":[200,16],"product_tag":[],"class_list":{"0":"post-7033","1":"product","2":"type-product","3":"status-publish","4":"has-post-thumbnail","6":"product_brand-ak-doll","7":"product_cat-angel-kiss-dolls-ak-dolls","8":"product_cat-sexpuppen","9":"pa_brand-ak-doll","11":"first","12":"outofstock","13":"sale","14":"taxable","15":"shipping-taxable","16":"purchasable","17":"product-type-simple"},"_links":{"self":[{"href":"https:\/\/doll.shop\/de\/wp-json\/wp\/v2\/product\/7033","targetHints":{"allow":["GET"]}}],"collection":[{"href":"https:\/\/doll.shop\/de\/wp-json\/wp\/v2\/product"}],"about":[{"href":"https:\/\/doll.shop\/de\/wp-json\/wp\/v2\/types\/product"}],"replies":[{"embeddable":true,"href":"https:\/\/doll.shop\/de\/wp-json\/wp\/v2\/comments?post=7033"}],"wp:featuredmedia":[{"embeddable":true,"href":"https:\/\/doll.shop\/de\/wp-json\/wp\/v2\/media\/7287"}],"wp:attachment":[{"href":"https:\/\/doll.shop\/de\/wp-json\/wp\/v2\/media?parent=7033"}],"wp:term":[{"taxonomy":"product_brand","embeddable":true,"href":"https:\/\/doll.shop\/de\/wp-json\/wp\/v2\/product_brand?post=7033"},{"taxonomy":"product_cat","embeddable":true,"href":"https:\/\/doll.shop\/de\/wp-json\/wp\/v2\/product_cat?post=7033"},{"taxonomy":"product_tag","embeddable":true,"href":"https:\/\/doll.shop\/de\/wp-json\/wp\/v2\/product_tag?post=7033"}],"curies":[{"name":"wp","href":"https:\/\/api.w.org\/{rel}","templated":true}]}}