{"id":6779,"date":"2022-10-27T09:39:50","date_gmt":"2022-10-27T07:39:50","guid":{"rendered":"https:\/\/doll.shop\/?post_type=product&#038;p=6779"},"modified":"2026-04-20T21:02:06","modified_gmt":"2026-04-20T19:02:06","slug":"firedoll-166-cm-13","status":"publish","type":"product","link":"https:\/\/doll.shop\/de\/produkt\/firedoll-166-cm-13\/","title":{"rendered":"Firedoll Sarina  | 166 cm"},"content":{"rendered":"","protected":false},"excerpt":{"rendered":"<p>Sarina ist eine hochwertige Liebespuppe der Marke Firedoll mit einer Gr\u00f6\u00dfe von 166cm. Diese Dame hat es wirklich in sich! Untersch\u00e4tzen Sie diese Sch\u00f6nheit nicht, denn sie kann auch wirklich wild sein.<\/p>\n<p>Momentan ist es m\u00f6glich, diese wundervolle Sexpuppe zu einem absolut fairen Preis bei Doll.shop zu kaufen. Wir sind der g\u00fcnstigste Anbieter von lebensechten Liebespuppen in ganz Deutschland. Kaufen Sie Ihre neue Sexpuppe auf jedem Fall bei Doll.shop, dem H\u00e4ndler Ihres Vertrauens.<\/p>\n","protected":false},"featured_media":6787,"comment_status":"open","ping_status":"closed","template":"","meta":[],"product_brand":[1404],"product_cat":[18,16],"product_tag":[],"class_list":{"0":"post-6779","1":"product","2":"type-product","3":"status-publish","4":"has-post-thumbnail","6":"product_brand-firedoll","7":"product_cat-firedoll","8":"product_cat-sexpuppen","9":"pa_brand-firedoll","11":"first","12":"instock","13":"sale","14":"taxable","15":"shipping-taxable","16":"purchasable","17":"product-type-simple"},"_links":{"self":[{"href":"https:\/\/doll.shop\/de\/wp-json\/wp\/v2\/product\/6779","targetHints":{"allow":["GET"]}}],"collection":[{"href":"https:\/\/doll.shop\/de\/wp-json\/wp\/v2\/product"}],"about":[{"href":"https:\/\/doll.shop\/de\/wp-json\/wp\/v2\/types\/product"}],"replies":[{"embeddable":true,"href":"https:\/\/doll.shop\/de\/wp-json\/wp\/v2\/comments?post=6779"}],"wp:featuredmedia":[{"embeddable":true,"href":"https:\/\/doll.shop\/de\/wp-json\/wp\/v2\/media\/6787"}],"wp:attachment":[{"href":"https:\/\/doll.shop\/de\/wp-json\/wp\/v2\/media?parent=6779"}],"wp:term":[{"taxonomy":"product_brand","embeddable":true,"href":"https:\/\/doll.shop\/de\/wp-json\/wp\/v2\/product_brand?post=6779"},{"taxonomy":"product_cat","embeddable":true,"href":"https:\/\/doll.shop\/de\/wp-json\/wp\/v2\/product_cat?post=6779"},{"taxonomy":"product_tag","embeddable":true,"href":"https:\/\/doll.shop\/de\/wp-json\/wp\/v2\/product_tag?post=6779"}],"curies":[{"name":"wp","href":"https:\/\/api.w.org\/{rel}","templated":true}]}}