{"id":619,"date":"2022-03-28T13:53:26","date_gmt":"2022-03-28T11:53:26","guid":{"rendered":"https:\/\/doll.shop\/?post_type=product&#038;p=619"},"modified":"2026-04-22T11:32:25","modified_gmt":"2026-04-22T09:32:25","slug":"zora-166-cm","status":"publish","type":"product","link":"https:\/\/doll.shop\/de\/produkt\/zora-166-cm\/","title":{"rendered":"Firedoll Zora | 166 cm"},"content":{"rendered":"","protected":false},"excerpt":{"rendered":"<p>Firedoll Zora ist eine unglaubliche Latina mit dem K\u00f6rper eines Models. Dank ihrer Gr\u00f6\u00dfe von 166cm sieht diese Liebespuppe von Firedoll \u00e4u\u00dferst realistisch aus. Sie unterscheidet sich von der Masse mit ihren einzigartigen rotbraunen Haaren und ihrer frechen und zugleich lieben Ausstrahlung. Lassen Sie sich \u00fcberraschen und finden Sie heraus wie Zora wirklich tickt. Eines k\u00f6nnen wir Ihnen versichern: Langweilig wird Ihnen nicht mit dieser Latina.<\/p>\n","protected":false},"featured_media":633,"comment_status":"open","ping_status":"closed","template":"","meta":[],"product_brand":[1404],"product_cat":[18,16],"product_tag":[],"class_list":{"0":"post-619","1":"product","2":"type-product","3":"status-publish","4":"has-post-thumbnail","6":"product_brand-firedoll","7":"product_cat-firedoll","8":"product_cat-sexpuppen","9":"pa_brand-firedoll","11":"first","12":"instock","13":"sale","14":"featured","15":"taxable","16":"shipping-taxable","17":"purchasable","18":"product-type-simple"},"_links":{"self":[{"href":"https:\/\/doll.shop\/de\/wp-json\/wp\/v2\/product\/619","targetHints":{"allow":["GET"]}}],"collection":[{"href":"https:\/\/doll.shop\/de\/wp-json\/wp\/v2\/product"}],"about":[{"href":"https:\/\/doll.shop\/de\/wp-json\/wp\/v2\/types\/product"}],"replies":[{"embeddable":true,"href":"https:\/\/doll.shop\/de\/wp-json\/wp\/v2\/comments?post=619"}],"wp:featuredmedia":[{"embeddable":true,"href":"https:\/\/doll.shop\/de\/wp-json\/wp\/v2\/media\/633"}],"wp:attachment":[{"href":"https:\/\/doll.shop\/de\/wp-json\/wp\/v2\/media?parent=619"}],"wp:term":[{"taxonomy":"product_brand","embeddable":true,"href":"https:\/\/doll.shop\/de\/wp-json\/wp\/v2\/product_brand?post=619"},{"taxonomy":"product_cat","embeddable":true,"href":"https:\/\/doll.shop\/de\/wp-json\/wp\/v2\/product_cat?post=619"},{"taxonomy":"product_tag","embeddable":true,"href":"https:\/\/doll.shop\/de\/wp-json\/wp\/v2\/product_tag?post=619"}],"curies":[{"name":"wp","href":"https:\/\/api.w.org\/{rel}","templated":true}]}}