{"id":5624,"date":"2022-09-20T11:04:21","date_gmt":"2022-09-20T09:04:21","guid":{"rendered":"https:\/\/doll.shop\/?post_type=product&#038;p=5624"},"modified":"2026-04-15T13:34:59","modified_gmt":"2026-04-15T11:34:59","slug":"extra-eyes","status":"publish","type":"product","link":"https:\/\/doll.shop\/de\/produkt\/extra-eyes\/","title":{"rendered":"Zus\u00e4tzliches Augenpaar"},"content":{"rendered":"","protected":false},"excerpt":{"rendered":"<p>Kaufen Sie sich ein zus\u00e4tzliches Augenpaar f\u00fcr Ihre Sexpuppe!<\/p>\n<p>Sie k\u00f6nnen Ihrer Sexpuppe auf diese Art und Weise ganz schnell ein komplett anderes Aussehen verleihen. Sie k\u00f6nnen bei Doll.shop Augen in verschiedenen Farben bestellen, sodass Sie mehr Abwechslung in dem Zusammenleben mit Ihrer Sexpuppe haben. W\u00e4hlen Sie aus den Farben blau, gr\u00fcn, braun und schwarz. Darunter wird garantiert eine Farbe sein, die gut zu Ihrer Sexpuppe passen kann. Die Augenpaare, die Sie bei uns bestellen k\u00f6nnen, passen bei allen Sexpuppen jeglicher Marke!<\/p>\n","protected":false},"featured_media":5627,"comment_status":"open","ping_status":"closed","template":"","meta":[],"product_brand":[],"product_cat":[185],"product_tag":[],"class_list":{"0":"post-5624","1":"product","2":"type-product","3":"status-publish","4":"has-post-thumbnail","6":"product_cat-zubehor","7":"product_shipping_class-small-2","9":"first","10":"instock","11":"taxable","12":"shipping-taxable","13":"purchasable","14":"product-type-variable"},"_links":{"self":[{"href":"https:\/\/doll.shop\/de\/wp-json\/wp\/v2\/product\/5624","targetHints":{"allow":["GET"]}}],"collection":[{"href":"https:\/\/doll.shop\/de\/wp-json\/wp\/v2\/product"}],"about":[{"href":"https:\/\/doll.shop\/de\/wp-json\/wp\/v2\/types\/product"}],"replies":[{"embeddable":true,"href":"https:\/\/doll.shop\/de\/wp-json\/wp\/v2\/comments?post=5624"}],"wp:featuredmedia":[{"embeddable":true,"href":"https:\/\/doll.shop\/de\/wp-json\/wp\/v2\/media\/5627"}],"wp:attachment":[{"href":"https:\/\/doll.shop\/de\/wp-json\/wp\/v2\/media?parent=5624"}],"wp:term":[{"taxonomy":"product_brand","embeddable":true,"href":"https:\/\/doll.shop\/de\/wp-json\/wp\/v2\/product_brand?post=5624"},{"taxonomy":"product_cat","embeddable":true,"href":"https:\/\/doll.shop\/de\/wp-json\/wp\/v2\/product_cat?post=5624"},{"taxonomy":"product_tag","embeddable":true,"href":"https:\/\/doll.shop\/de\/wp-json\/wp\/v2\/product_tag?post=5624"}],"curies":[{"name":"wp","href":"https:\/\/api.w.org\/{rel}","templated":true}]}}