{"id":5622,"date":"2022-09-20T10:49:59","date_gmt":"2022-09-20T08:49:59","guid":{"rendered":"https:\/\/doll.shop\/?post_type=product&#038;p=5622"},"modified":"2026-03-11T06:48:27","modified_gmt":"2026-03-11T05:48:27","slug":"sexdoll-lingerie","status":"publish","type":"product","link":"https:\/\/doll.shop\/de\/produkt\/sexdoll-lingerie\/","title":{"rendered":"Unterw\u00e4sche f\u00fcr eine Sexpuppe"},"content":{"rendered":"","protected":false},"excerpt":{"rendered":"<p>Viele Frauen geben sehr viel Geld f\u00fcr sch\u00f6ne Dessous aus, und das nicht ohne Grund. Ein sch\u00f6ner BH kann die Br\u00fcste einer Frau, und auch die Br\u00fcste einer Sexpuppe, wesentlich besser zur Geltung bringen. K\u00f6nnen Sie sich diese sch\u00f6ne Unterw\u00e4sche an Ihrer Liebespuppe vorstellen? Wenn Sie Lust auf romantische Zeit zu zweit mit Ihrer Puppe haben, sollten Sie sich den Kauf dieser Unterw\u00e4sche auf jeden Fall einmal genauer durch den Kopf gehen lassen.<\/p>\n","protected":false},"featured_media":939268,"comment_status":"open","ping_status":"closed","template":"","meta":[],"product_brand":[],"product_cat":[185],"product_tag":[],"class_list":{"0":"post-5622","1":"product","2":"type-product","3":"status-publish","4":"has-post-thumbnail","6":"product_cat-zubehor","7":"product_shipping_class-small-2","9":"first","10":"outofstock","11":"taxable","12":"shipping-taxable","13":"purchasable","14":"product-type-simple"},"_links":{"self":[{"href":"https:\/\/doll.shop\/de\/wp-json\/wp\/v2\/product\/5622","targetHints":{"allow":["GET"]}}],"collection":[{"href":"https:\/\/doll.shop\/de\/wp-json\/wp\/v2\/product"}],"about":[{"href":"https:\/\/doll.shop\/de\/wp-json\/wp\/v2\/types\/product"}],"replies":[{"embeddable":true,"href":"https:\/\/doll.shop\/de\/wp-json\/wp\/v2\/comments?post=5622"}],"wp:featuredmedia":[{"embeddable":true,"href":"https:\/\/doll.shop\/de\/wp-json\/wp\/v2\/media\/939268"}],"wp:attachment":[{"href":"https:\/\/doll.shop\/de\/wp-json\/wp\/v2\/media?parent=5622"}],"wp:term":[{"taxonomy":"product_brand","embeddable":true,"href":"https:\/\/doll.shop\/de\/wp-json\/wp\/v2\/product_brand?post=5622"},{"taxonomy":"product_cat","embeddable":true,"href":"https:\/\/doll.shop\/de\/wp-json\/wp\/v2\/product_cat?post=5622"},{"taxonomy":"product_tag","embeddable":true,"href":"https:\/\/doll.shop\/de\/wp-json\/wp\/v2\/product_tag?post=5622"}],"curies":[{"name":"wp","href":"https:\/\/api.w.org\/{rel}","templated":true}]}}