{"id":5621,"date":"2022-09-20T10:46:40","date_gmt":"2022-09-20T08:46:40","guid":{"rendered":"https:\/\/doll.shop\/?post_type=product&#038;p=5621"},"modified":"2026-03-10T13:58:26","modified_gmt":"2026-03-10T12:58:26","slug":"outfit-jewelry","status":"publish","type":"product","link":"https:\/\/doll.shop\/de\/produkt\/outfit-jewelry\/","title":{"rendered":"Sexy Outfit mit Schmuck"},"content":{"rendered":"","protected":false},"excerpt":{"rendered":"<p>Doll.shop bietet Ihnen die M\u00f6glichkeit, Ihre Sexpuppe f\u00fcr verschiedene Anl\u00e4sse zu bekleiden. Dieses &#8218; Sexy Outfit&#8216; ist ein wundersch\u00f6nes, verf\u00fchrerisches Kleidungsst\u00fcck. Dieses Outfit wurde speziell f\u00fcr Puppen kreiert, sodass es Ihrer Sexpuppe mit Sicherheit perfekt passen wird. Au\u00dferdem passt dieses Outfit bei vielen verschiedenen Modellen wie angegossen.<\/p>\n<p>Dieses Outfit besteht aus drei Teilen: einem kleinen Rock, einem Oberteil und Schmuck.<\/p>\n","protected":false},"featured_media":6710,"comment_status":"open","ping_status":"closed","template":"","meta":[],"product_brand":[],"product_cat":[185],"product_tag":[],"class_list":{"0":"post-5621","1":"product","2":"type-product","3":"status-publish","4":"has-post-thumbnail","6":"product_cat-zubehor","7":"product_shipping_class-small-2","9":"first","10":"outofstock","11":"taxable","12":"shipping-taxable","13":"purchasable","14":"product-type-simple"},"_links":{"self":[{"href":"https:\/\/doll.shop\/de\/wp-json\/wp\/v2\/product\/5621","targetHints":{"allow":["GET"]}}],"collection":[{"href":"https:\/\/doll.shop\/de\/wp-json\/wp\/v2\/product"}],"about":[{"href":"https:\/\/doll.shop\/de\/wp-json\/wp\/v2\/types\/product"}],"replies":[{"embeddable":true,"href":"https:\/\/doll.shop\/de\/wp-json\/wp\/v2\/comments?post=5621"}],"wp:featuredmedia":[{"embeddable":true,"href":"https:\/\/doll.shop\/de\/wp-json\/wp\/v2\/media\/6710"}],"wp:attachment":[{"href":"https:\/\/doll.shop\/de\/wp-json\/wp\/v2\/media?parent=5621"}],"wp:term":[{"taxonomy":"product_brand","embeddable":true,"href":"https:\/\/doll.shop\/de\/wp-json\/wp\/v2\/product_brand?post=5621"},{"taxonomy":"product_cat","embeddable":true,"href":"https:\/\/doll.shop\/de\/wp-json\/wp\/v2\/product_cat?post=5621"},{"taxonomy":"product_tag","embeddable":true,"href":"https:\/\/doll.shop\/de\/wp-json\/wp\/v2\/product_tag?post=5621"}],"curies":[{"name":"wp","href":"https:\/\/api.w.org\/{rel}","templated":true}]}}