{"id":5615,"date":"2022-09-20T10:11:30","date_gmt":"2022-09-20T08:11:30","guid":{"rendered":"https:\/\/doll.shop\/?post_type=product&#038;p=5615"},"modified":"2026-04-22T18:34:19","modified_gmt":"2026-04-22T16:34:19","slug":"shemale-insert","status":"publish","type":"product","link":"https:\/\/doll.shop\/de\/produkt\/shemale-insert\/","title":{"rendered":"Shemale insert"},"content":{"rendered":"","protected":false},"excerpt":{"rendered":"<p>Wenn Sie gerne Spa\u00df im Bett mit Ihrem Partner haben m\u00f6chten, k\u00f6nnte ein Shemale Insert die perfekte M\u00f6glichkeit f\u00fcr Sie sein. So k\u00f6nnen Sie gemeinsam Ihre Sexpuppe benutzen. Der Shemale-Insert kann sehr einfach an der Vagina befestigt werden. Das Aussehen ist sehr realistisch und gleicht stark dem Aussehen eines echten Penis. Aktuell ist nur die Variante mit 15cm auf Vorrat. Dieser Einsatz ist allerdings universell und passt bei allen Sexpuppen jeglicher Marke.<\/p>\n","protected":false},"featured_media":5623,"comment_status":"open","ping_status":"closed","template":"","meta":[],"product_brand":[],"product_cat":[185],"product_tag":[],"class_list":{"0":"post-5615","1":"product","2":"type-product","3":"status-publish","4":"has-post-thumbnail","6":"product_cat-zubehor","7":"product_shipping_class-small-2","9":"first","10":"instock","11":"taxable","12":"shipping-taxable","13":"purchasable","14":"product-type-simple"},"_links":{"self":[{"href":"https:\/\/doll.shop\/de\/wp-json\/wp\/v2\/product\/5615","targetHints":{"allow":["GET"]}}],"collection":[{"href":"https:\/\/doll.shop\/de\/wp-json\/wp\/v2\/product"}],"about":[{"href":"https:\/\/doll.shop\/de\/wp-json\/wp\/v2\/types\/product"}],"replies":[{"embeddable":true,"href":"https:\/\/doll.shop\/de\/wp-json\/wp\/v2\/comments?post=5615"}],"wp:featuredmedia":[{"embeddable":true,"href":"https:\/\/doll.shop\/de\/wp-json\/wp\/v2\/media\/5623"}],"wp:attachment":[{"href":"https:\/\/doll.shop\/de\/wp-json\/wp\/v2\/media?parent=5615"}],"wp:term":[{"taxonomy":"product_brand","embeddable":true,"href":"https:\/\/doll.shop\/de\/wp-json\/wp\/v2\/product_brand?post=5615"},{"taxonomy":"product_cat","embeddable":true,"href":"https:\/\/doll.shop\/de\/wp-json\/wp\/v2\/product_cat?post=5615"},{"taxonomy":"product_tag","embeddable":true,"href":"https:\/\/doll.shop\/de\/wp-json\/wp\/v2\/product_tag?post=5615"}],"curies":[{"name":"wp","href":"https:\/\/api.w.org\/{rel}","templated":true}]}}