{"id":5421,"date":"2022-09-19T08:13:06","date_gmt":"2022-09-19T06:13:06","guid":{"rendered":"https:\/\/doll.shop\/?post_type=product&#038;p=5421"},"modified":"2026-04-22T11:32:17","modified_gmt":"2026-04-22T09:32:17","slug":"lisa-marie","status":"publish","type":"product","link":"https:\/\/doll.shop\/de\/produkt\/lisa-marie\/","title":{"rendered":"Firedoll Lisa-Marie | 166 cm"},"content":{"rendered":"","protected":false},"excerpt":{"rendered":"<p>Eines ist sicher: So eine Sch\u00f6nheit erblickt man nur selten! Firedoll Lisa-Marie ist wirklich einzigartig. Wenn man diese Frau auf der Stra\u00dfe sieht, w\u00fcrde man am wahrscheinlichsten seinen Augen nicht trauen. Keine Sorge, Sie m\u00fcssen sich nicht kneifen, um zu pr\u00fcfen, ob Sie noch schlafen. Dies ist die Realit\u00e4t! Doll.shop, der H\u00e4ndler Ihres Vertrauens, hat mal wieder eine wirklich charismatische Sexpuppe f\u00fcr Sie auf Lager. Wenn Sie auf der Suche nach einer sehr aktiven Dame mit sportlichem K\u00f6rper und einem bildh\u00fcbschen Gesicht sind, sollten Sie Firedoll Lisa-Marie auf keinen Fall verpassen. Lisa-Marie hat eine Gr\u00f6\u00dfe von 166cm und f\u00e4llt auf mit ihren langen, schlanken Beinen. Sie hat an absolut keiner Stelle auch nur etwas Fett. Die Kurven dieser Sexpuppe machen sie zu einem wirklichen Hingucker. Lisa-Marie hat ein sch\u00f6nes Dekolletee und einen wohlgeformten Hintern. Dank der sportlichen Figur dieser Liebespuppe k\u00f6nnen Sie sich sicher sein, dass Ihnen mit ihr niemals langweilig sein wird. Lisa-Marie wird Sie Tag und Nacht verw\u00f6hnen und Ihnen alle Ihrer W\u00fcnsche erf\u00fcllen. Lassen Sie sich auf das Abenteuer ein und lernen Sie jetzt schnell Lisa-Marie kennen!<\/p>\n","protected":false},"featured_media":5433,"comment_status":"open","ping_status":"closed","template":"","meta":[],"product_brand":[1404],"product_cat":[18,16],"product_tag":[],"class_list":{"0":"post-5421","1":"product","2":"type-product","3":"status-publish","4":"has-post-thumbnail","6":"product_brand-firedoll","7":"product_cat-firedoll","8":"product_cat-sexpuppen","9":"pa_brand-firedoll","11":"first","12":"instock","13":"sale","14":"featured","15":"taxable","16":"shipping-taxable","17":"purchasable","18":"product-type-simple"},"_links":{"self":[{"href":"https:\/\/doll.shop\/de\/wp-json\/wp\/v2\/product\/5421","targetHints":{"allow":["GET"]}}],"collection":[{"href":"https:\/\/doll.shop\/de\/wp-json\/wp\/v2\/product"}],"about":[{"href":"https:\/\/doll.shop\/de\/wp-json\/wp\/v2\/types\/product"}],"replies":[{"embeddable":true,"href":"https:\/\/doll.shop\/de\/wp-json\/wp\/v2\/comments?post=5421"}],"wp:featuredmedia":[{"embeddable":true,"href":"https:\/\/doll.shop\/de\/wp-json\/wp\/v2\/media\/5433"}],"wp:attachment":[{"href":"https:\/\/doll.shop\/de\/wp-json\/wp\/v2\/media?parent=5421"}],"wp:term":[{"taxonomy":"product_brand","embeddable":true,"href":"https:\/\/doll.shop\/de\/wp-json\/wp\/v2\/product_brand?post=5421"},{"taxonomy":"product_cat","embeddable":true,"href":"https:\/\/doll.shop\/de\/wp-json\/wp\/v2\/product_cat?post=5421"},{"taxonomy":"product_tag","embeddable":true,"href":"https:\/\/doll.shop\/de\/wp-json\/wp\/v2\/product_tag?post=5421"}],"curies":[{"name":"wp","href":"https:\/\/api.w.org\/{rel}","templated":true}]}}