{"id":5419,"date":"2022-09-19T08:11:31","date_gmt":"2022-09-19T06:11:31","guid":{"rendered":"https:\/\/doll.shop\/?post_type=product&#038;p=5419"},"modified":"2026-04-20T21:02:01","modified_gmt":"2026-04-20T19:02:01","slug":"firedoll-166-cm-12","status":"publish","type":"product","link":"https:\/\/doll.shop\/de\/produkt\/firedoll-166-cm-12\/","title":{"rendered":"Firedoll Laila | 166 cm"},"content":{"rendered":"","protected":false},"excerpt":{"rendered":"<p>Firedoll Laila sieht einfach nur aus wie ein wundersch\u00f6ner Engel. Es ist sehr schwierig, diese Dame nicht mehr anzusehen, sobald man diese umwerfende Sch\u00f6nheit das Erste mal erblickt hat. Laila hat den K\u00f6rper eines Topmodels. An ihr ist einfach alles perfekt. Sie hat einer sehr schlanke und sportliche Figur und sch\u00f6ne weibliche Rundungen genau an den richtigen Stellen. Im Vergleich zu ihrem schlanken K\u00f6rperbau hat diese Sexpuppe eine ziemlich gro\u00dfe Oberweite. Firedoll ist bekannt f\u00fcr die Herstellung von \u00e4u\u00dferst realistischen Liebespuppen. Dies beweist die Sexpuppe Laila erneut. Laila hat einen sehr eindringlichen Blick. Wenn diese Sch\u00f6nheit mit kristallblauen Augen einen mit ihrem tiefen Blick ansieht, werden die meisten M\u00e4nnerherzen schwach. Worauf warten Sie noch? Bestellen Sie jetzt bei Doll.shop, dem g\u00fcnstingsten H\u00e4ndler in ganz Deutschland.<\/p>\n","protected":false},"featured_media":5472,"comment_status":"open","ping_status":"closed","template":"","meta":[],"product_brand":[1404],"product_cat":[18,16],"product_tag":[],"class_list":{"0":"post-5419","1":"product","2":"type-product","3":"status-publish","4":"has-post-thumbnail","6":"product_brand-firedoll","7":"product_cat-firedoll","8":"product_cat-sexpuppen","9":"pa_brand-firedoll","11":"first","12":"instock","13":"sale","14":"taxable","15":"shipping-taxable","16":"purchasable","17":"product-type-simple"},"_links":{"self":[{"href":"https:\/\/doll.shop\/de\/wp-json\/wp\/v2\/product\/5419","targetHints":{"allow":["GET"]}}],"collection":[{"href":"https:\/\/doll.shop\/de\/wp-json\/wp\/v2\/product"}],"about":[{"href":"https:\/\/doll.shop\/de\/wp-json\/wp\/v2\/types\/product"}],"replies":[{"embeddable":true,"href":"https:\/\/doll.shop\/de\/wp-json\/wp\/v2\/comments?post=5419"}],"wp:featuredmedia":[{"embeddable":true,"href":"https:\/\/doll.shop\/de\/wp-json\/wp\/v2\/media\/5472"}],"wp:attachment":[{"href":"https:\/\/doll.shop\/de\/wp-json\/wp\/v2\/media?parent=5419"}],"wp:term":[{"taxonomy":"product_brand","embeddable":true,"href":"https:\/\/doll.shop\/de\/wp-json\/wp\/v2\/product_brand?post=5419"},{"taxonomy":"product_cat","embeddable":true,"href":"https:\/\/doll.shop\/de\/wp-json\/wp\/v2\/product_cat?post=5419"},{"taxonomy":"product_tag","embeddable":true,"href":"https:\/\/doll.shop\/de\/wp-json\/wp\/v2\/product_tag?post=5419"}],"curies":[{"name":"wp","href":"https:\/\/api.w.org\/{rel}","templated":true}]}}