{"id":5139,"date":"2022-09-08T10:20:42","date_gmt":"2022-09-08T08:20:42","guid":{"rendered":"https:\/\/doll.shop\/?post_type=product&#038;p=5139"},"modified":"2026-01-16T17:57:25","modified_gmt":"2026-01-16T16:57:25","slug":"ak-doll-s175-s159-2","status":"publish","type":"product","link":"https:\/\/doll.shop\/de\/produkt\/ak-doll-s175-s159-2\/","title":{"rendered":"AK Doll Annabel | 175cm"},"content":{"rendered":"","protected":false},"excerpt":{"rendered":"<p>Wussten Sie eigentlich schon, dass AK Doll Premium-Sexpuppen aus Silikon herstellt? Nat\u00fcrlich haben wir bei Doll.shop auch derartige Modelle f\u00fcr Sie. Diese sehr gro\u00dfe Br\u00fcnette besteht wirklich komplett aus Silikon. Mit einer K\u00f6rpergr\u00f6\u00dfe von 175cm ist diese Liebespuppe wirklich eindrucksvoll. Und weiter noch ist diese Puppe dank dem verwendeten Material noch realistischer als eine Sexpuppe aus TPE. Silikon-Modelle haben ein wirklich erstaunliches Ma\u00df an Realismus. Das Gewicht einer Puppe hat generell starken Einfluss drauf, wie leicht die Handhabung ist. Trotz der sehr gro\u00dfen Gr\u00f6\u00dfe dieser Dame wiegt sie nur 38 Kilogramm. Das h\u00e4ngt stark mit dem Material der Puppe (Silikon) zusammen, da dieses Material etwas leichter ist als TPE.<\/p>\n<p>Diese Liebespuppe hat ein wundersch\u00f6nes Gesicht und zus\u00e4tzlich noch einen echten Traumk\u00f6rper. Sie hat wundervolle, perfekt-geformte Br\u00fcste. Sie hat lange, schwarze Haare, die ihr ein sehr edles Aussehen verleihen. Dank der Gelbr\u00fcste, die diese Silikonpuppe von AK Doll hat, f\u00fchlen sich die Br\u00fcste ultra realistisch an. Au\u00dferdem hat diese Puppe einen schlanken K\u00f6rperbau mit flachem Bauch und sehr langen Beinen, die einen schnell verr\u00fcckt machen k\u00f6nnen.<\/p>\n<p>Bitte beachten Sie, dass wir alle Modelle standardm\u00e4\u00dfig mit einer abnehmbaren Per\u00fccke liefern. Wenn Sie sich eine implantierte Per\u00fccke w\u00fcnschen, bitte kontaktieren Sie uns f\u00fcr weiter Informationen.<\/p>\n","protected":false},"featured_media":7248,"comment_status":"open","ping_status":"closed","template":"","meta":[],"product_brand":[1402],"product_cat":[200,16],"product_tag":[],"class_list":{"0":"post-5139","1":"product","2":"type-product","3":"status-publish","4":"has-post-thumbnail","6":"product_brand-ak-doll","7":"product_cat-angel-kiss-dolls-ak-dolls","8":"product_cat-sexpuppen","9":"pa_brand-ak-doll","11":"first","12":"onbackorder","13":"taxable","14":"shipping-taxable","15":"purchasable","16":"product-type-simple"},"_links":{"self":[{"href":"https:\/\/doll.shop\/de\/wp-json\/wp\/v2\/product\/5139","targetHints":{"allow":["GET"]}}],"collection":[{"href":"https:\/\/doll.shop\/de\/wp-json\/wp\/v2\/product"}],"about":[{"href":"https:\/\/doll.shop\/de\/wp-json\/wp\/v2\/types\/product"}],"replies":[{"embeddable":true,"href":"https:\/\/doll.shop\/de\/wp-json\/wp\/v2\/comments?post=5139"}],"wp:featuredmedia":[{"embeddable":true,"href":"https:\/\/doll.shop\/de\/wp-json\/wp\/v2\/media\/7248"}],"wp:attachment":[{"href":"https:\/\/doll.shop\/de\/wp-json\/wp\/v2\/media?parent=5139"}],"wp:term":[{"taxonomy":"product_brand","embeddable":true,"href":"https:\/\/doll.shop\/de\/wp-json\/wp\/v2\/product_brand?post=5139"},{"taxonomy":"product_cat","embeddable":true,"href":"https:\/\/doll.shop\/de\/wp-json\/wp\/v2\/product_cat?post=5139"},{"taxonomy":"product_tag","embeddable":true,"href":"https:\/\/doll.shop\/de\/wp-json\/wp\/v2\/product_tag?post=5139"}],"curies":[{"name":"wp","href":"https:\/\/api.w.org\/{rel}","templated":true}]}}