{"id":4780,"date":"2022-08-12T08:31:38","date_gmt":"2022-08-12T06:31:38","guid":{"rendered":"https:\/\/doll.shop\/?post_type=product&#038;p=4780"},"modified":"2026-03-11T01:33:37","modified_gmt":"2026-03-11T00:33:37","slug":"ak-doll-s175-s159","status":"publish","type":"product","link":"https:\/\/doll.shop\/de\/produkt\/ak-doll-s175-s159\/","title":{"rendered":"AK Doll Serena | 175cm"},"content":{"rendered":"","protected":false},"excerpt":{"rendered":"<p>Diese Liebespuppe der Marke AK Doll hat ein wundersch\u00f6nes Gesicht und einen einfach nur perfekten K\u00f6rper eines Fitnessmodels. Sie hat wundervolle, perfekt geformte Br\u00fcste. Dank der Gelbr\u00fcste, die diese Silikonpuppe hat, f\u00fchlen sich die Br\u00fcste ultra realistisch an. Au\u00dferdem hat diese Puppe einen schlanken K\u00f6rperbau mit flachem Bauch und sehr langen Beinen, die einen schnell verr\u00fcckt machen k\u00f6nnen. Wenn Sie Lust auf ein Abenteuer haben sollten Sie unbedingt diese perfekte Dame kennenlernen!<\/p>\n<p>Bitte beachten Sie, dass wir alle Modelle standardm\u00e4\u00dfig mit einer abnehmbaren Per\u00fccke liefern. Wenn Sie sich eine implantierte Per\u00fccke w\u00fcnschen, bitte kontaktieren Sie uns f\u00fcr weiter Informationen.<\/p>\n","protected":false},"featured_media":7204,"comment_status":"open","ping_status":"closed","template":"","meta":[],"product_brand":[1402],"product_cat":[200,16],"product_tag":[],"class_list":{"0":"post-4780","1":"product","2":"type-product","3":"status-publish","4":"has-post-thumbnail","6":"product_brand-ak-doll","7":"product_cat-angel-kiss-dolls-ak-dolls","8":"product_cat-sexpuppen","9":"pa_brand-ak-doll","11":"first","12":"onbackorder","13":"taxable","14":"shipping-taxable","15":"purchasable","16":"product-type-simple"},"_links":{"self":[{"href":"https:\/\/doll.shop\/de\/wp-json\/wp\/v2\/product\/4780","targetHints":{"allow":["GET"]}}],"collection":[{"href":"https:\/\/doll.shop\/de\/wp-json\/wp\/v2\/product"}],"about":[{"href":"https:\/\/doll.shop\/de\/wp-json\/wp\/v2\/types\/product"}],"replies":[{"embeddable":true,"href":"https:\/\/doll.shop\/de\/wp-json\/wp\/v2\/comments?post=4780"}],"wp:featuredmedia":[{"embeddable":true,"href":"https:\/\/doll.shop\/de\/wp-json\/wp\/v2\/media\/7204"}],"wp:attachment":[{"href":"https:\/\/doll.shop\/de\/wp-json\/wp\/v2\/media?parent=4780"}],"wp:term":[{"taxonomy":"product_brand","embeddable":true,"href":"https:\/\/doll.shop\/de\/wp-json\/wp\/v2\/product_brand?post=4780"},{"taxonomy":"product_cat","embeddable":true,"href":"https:\/\/doll.shop\/de\/wp-json\/wp\/v2\/product_cat?post=4780"},{"taxonomy":"product_tag","embeddable":true,"href":"https:\/\/doll.shop\/de\/wp-json\/wp\/v2\/product_tag?post=4780"}],"curies":[{"name":"wp","href":"https:\/\/api.w.org\/{rel}","templated":true}]}}