{"id":4330,"date":"2022-08-07T10:38:05","date_gmt":"2022-08-07T08:38:05","guid":{"rendered":"https:\/\/doll.shop\/?post_type=product&#038;p=4330"},"modified":"2026-01-16T17:56:44","modified_gmt":"2026-01-16T16:56:44","slug":"wm-doll-164d-93","status":"publish","type":"product","link":"https:\/\/doll.shop\/de\/produkt\/wm-doll-164d-93\/","title":{"rendered":"WM Doll Cornelia | 164cm"},"content":{"rendered":"","protected":false},"excerpt":{"rendered":"<p>Es gibt viele M\u00e4nner, die auf etwas kleinere Frauen stehen. Kleinere Sexpuppen k\u00f6nnen auch einen enormen Vorteil f\u00fcr einen Kunden haben, da diese Puppen weniger wiegen und so die Handhabung erleichtert wird. Darum bietet WM Doll auch viele Premium-Sexpuppen in den unterschiedlichsten Gr\u00f6\u00dfen an. Darunter sind auch einige Liebespuppen mit einer Gr\u00f6\u00dfe von 164cm. WM Doll Cornelia ist eine dieser bildh\u00fcbschen Damen. Dieses Modelle von WM Doll ist m\u00f6glicherweise die perfekte Wahl f\u00fcr Sie, wenn Sie auf kleine Frauen stehen. Untersch\u00e4tzen Sie diese kleine Sexpuppe allerdings nicht. Sie hat echt unglaublich viel Energie, und wird diese Energie nutzen, um Sie zu jeden Zeitpunkt zu verw\u00f6hnen.<\/p>\n","protected":false},"featured_media":4331,"comment_status":"open","ping_status":"closed","template":"","meta":[],"product_brand":[1405],"product_cat":[74,16],"product_tag":[],"class_list":{"0":"post-4330","1":"product","2":"type-product","3":"status-publish","4":"has-post-thumbnail","6":"product_brand-wm-doll","7":"product_cat-wm-doll","8":"product_cat-sexpuppen","9":"pa_brand-wm-doll","11":"first","12":"onbackorder","13":"taxable","14":"shipping-taxable","15":"purchasable","16":"product-type-simple"},"_links":{"self":[{"href":"https:\/\/doll.shop\/de\/wp-json\/wp\/v2\/product\/4330","targetHints":{"allow":["GET"]}}],"collection":[{"href":"https:\/\/doll.shop\/de\/wp-json\/wp\/v2\/product"}],"about":[{"href":"https:\/\/doll.shop\/de\/wp-json\/wp\/v2\/types\/product"}],"replies":[{"embeddable":true,"href":"https:\/\/doll.shop\/de\/wp-json\/wp\/v2\/comments?post=4330"}],"wp:featuredmedia":[{"embeddable":true,"href":"https:\/\/doll.shop\/de\/wp-json\/wp\/v2\/media\/4331"}],"wp:attachment":[{"href":"https:\/\/doll.shop\/de\/wp-json\/wp\/v2\/media?parent=4330"}],"wp:term":[{"taxonomy":"product_brand","embeddable":true,"href":"https:\/\/doll.shop\/de\/wp-json\/wp\/v2\/product_brand?post=4330"},{"taxonomy":"product_cat","embeddable":true,"href":"https:\/\/doll.shop\/de\/wp-json\/wp\/v2\/product_cat?post=4330"},{"taxonomy":"product_tag","embeddable":true,"href":"https:\/\/doll.shop\/de\/wp-json\/wp\/v2\/product_tag?post=4330"}],"curies":[{"name":"wp","href":"https:\/\/api.w.org\/{rel}","templated":true}]}}