{"id":4082,"date":"2022-08-07T09:53:38","date_gmt":"2022-08-07T07:53:38","guid":{"rendered":"https:\/\/doll.shop\/?post_type=product&#038;p=4082"},"modified":"2026-03-10T18:45:53","modified_gmt":"2026-03-10T17:45:53","slug":"wmdoll-mirthe","status":"publish","type":"product","link":"https:\/\/doll.shop\/de\/produkt\/wmdoll-mirthe\/","title":{"rendered":"WM Doll Mirthe | 159 cm"},"content":{"rendered":"","protected":false},"excerpt":{"rendered":"<p>WM Doll Mirthe sieht aus wie die Lehrerin, die Sie damals in Ihrer Schulzeit schon immer wundersch\u00f6n fanden. Das Tolle ist, dass Sie jetzt nicht mehr in der Schule sind und Mirthe in echt kennenlernen k\u00f6nnen. Mirthe ist eine ziemlich kleine Blondine mit einer Gr\u00f6\u00dfe von 159cm. Sie hat ein bildsch\u00f6nes Gesicht und wirkt total brav. Da stellt sich einem direkt die Frage, ob sie in Realit\u00e4t auch so harmlos ist. Wir m\u00f6chten Ihnen nat\u00fcrlich nicht die komplette \u00dcberraschung versauen, aber wir k\u00f6nnen Ihnen so viel sagen: Mirthe kann auch anders! Trotz ihrer kleinen Gr\u00f6\u00dfe hat diese Puppe relativ gro\u00dfe Br\u00fcste mit einem C-K\u00f6rbchen. Ein so lieblicher Blick zusammen mit einem so hei\u00dfen K\u00f6rper ist eine wirklich interessante Kombination. Das macht diese Premium-Liebespuppe zu einer wirklich unwiderstehlichen Dame. Toll ist nat\u00fcrlich, dass Sie dieser Grazie auch nicht widerstehen m\u00fcssen!<\/p>\n","protected":false},"featured_media":4083,"comment_status":"open","ping_status":"closed","template":"","meta":[],"product_brand":[1405],"product_cat":[74,16],"product_tag":[],"class_list":{"0":"post-4082","1":"product","2":"type-product","3":"status-publish","4":"has-post-thumbnail","6":"product_brand-wm-doll","7":"product_cat-wm-doll","8":"product_cat-sexpuppen","9":"pa_brand-wm-doll","11":"first","12":"onbackorder","13":"taxable","14":"shipping-taxable","15":"purchasable","16":"product-type-simple"},"_links":{"self":[{"href":"https:\/\/doll.shop\/de\/wp-json\/wp\/v2\/product\/4082","targetHints":{"allow":["GET"]}}],"collection":[{"href":"https:\/\/doll.shop\/de\/wp-json\/wp\/v2\/product"}],"about":[{"href":"https:\/\/doll.shop\/de\/wp-json\/wp\/v2\/types\/product"}],"replies":[{"embeddable":true,"href":"https:\/\/doll.shop\/de\/wp-json\/wp\/v2\/comments?post=4082"}],"wp:featuredmedia":[{"embeddable":true,"href":"https:\/\/doll.shop\/de\/wp-json\/wp\/v2\/media\/4083"}],"wp:attachment":[{"href":"https:\/\/doll.shop\/de\/wp-json\/wp\/v2\/media?parent=4082"}],"wp:term":[{"taxonomy":"product_brand","embeddable":true,"href":"https:\/\/doll.shop\/de\/wp-json\/wp\/v2\/product_brand?post=4082"},{"taxonomy":"product_cat","embeddable":true,"href":"https:\/\/doll.shop\/de\/wp-json\/wp\/v2\/product_cat?post=4082"},{"taxonomy":"product_tag","embeddable":true,"href":"https:\/\/doll.shop\/de\/wp-json\/wp\/v2\/product_tag?post=4082"}],"curies":[{"name":"wp","href":"https:\/\/api.w.org\/{rel}","templated":true}]}}