{"id":3982,"date":"2022-08-06T09:14:06","date_gmt":"2022-08-06T07:14:06","guid":{"rendered":"https:\/\/doll.shop\/?post_type=product&#038;p=3982"},"modified":"2026-01-16T17:56:47","modified_gmt":"2026-01-16T16:56:47","slug":"wm-doll-babette-172-cm","status":"publish","type":"product","link":"https:\/\/doll.shop\/de\/produkt\/wm-doll-babette-172-cm\/","title":{"rendered":"WM Doll Babette | 172 cm"},"content":{"rendered":"","protected":false},"excerpt":{"rendered":"<p>WM Doll Babette ist auch ohne den Gesichtsschmuck auf den Bildern eine wirklich verr\u00fcckte Frau. Bitte beachten Sie, dass bei dieser Liebespuppe die Piercings und Ohrringe auf den Abbildungen nicht mitgeliefert werden. Die Details auf den Bildern helfen Ihnen aber zu verstehen, wie wild diese Dame eigentlich ist. Babette ist mit einer L\u00e4nge von 172cm eine wirklich gro\u00dfe Dame. Sie ist so sportlich und strotzt nur so vor Energie. Babette hat ein entz\u00fcckendes Gesicht, tolle lange Beine und einen unglaublich schlanken K\u00f6rper. Diese br\u00fcnette Dame hat relativ kleine, aber wirklich perfekt geformte Br\u00fcste, die perfekt zu ihrem K\u00f6rperbau passen. Sie hat weiter noch einen pr\u00e4chtigen Hintern, der ihre nahezu perfekte Figur sch\u00f6n unterstreicht. Wenn Sie Babette das erste mal in echt erblicken fragen Sie sich m\u00f6glicherweise, ob Sie gerade tr\u00e4umen. Da m\u00fcssen Sie sich allerdings keine Sorgen machen. Babette gibt es wirklich und sie ist in echt mindestens so unwiderstehlich wie auf den Bildern.<\/p>\n","protected":false},"featured_media":3983,"comment_status":"open","ping_status":"closed","template":"","meta":[],"product_brand":[1405],"product_cat":[74,16],"product_tag":[],"class_list":{"0":"post-3982","1":"product","2":"type-product","3":"status-publish","4":"has-post-thumbnail","6":"product_brand-wm-doll","7":"product_cat-wm-doll","8":"product_cat-sexpuppen","9":"pa_brand-wm-doll","11":"first","12":"onbackorder","13":"taxable","14":"shipping-taxable","15":"purchasable","16":"product-type-simple"},"_links":{"self":[{"href":"https:\/\/doll.shop\/de\/wp-json\/wp\/v2\/product\/3982","targetHints":{"allow":["GET"]}}],"collection":[{"href":"https:\/\/doll.shop\/de\/wp-json\/wp\/v2\/product"}],"about":[{"href":"https:\/\/doll.shop\/de\/wp-json\/wp\/v2\/types\/product"}],"replies":[{"embeddable":true,"href":"https:\/\/doll.shop\/de\/wp-json\/wp\/v2\/comments?post=3982"}],"wp:featuredmedia":[{"embeddable":true,"href":"https:\/\/doll.shop\/de\/wp-json\/wp\/v2\/media\/3983"}],"wp:attachment":[{"href":"https:\/\/doll.shop\/de\/wp-json\/wp\/v2\/media?parent=3982"}],"wp:term":[{"taxonomy":"product_brand","embeddable":true,"href":"https:\/\/doll.shop\/de\/wp-json\/wp\/v2\/product_brand?post=3982"},{"taxonomy":"product_cat","embeddable":true,"href":"https:\/\/doll.shop\/de\/wp-json\/wp\/v2\/product_cat?post=3982"},{"taxonomy":"product_tag","embeddable":true,"href":"https:\/\/doll.shop\/de\/wp-json\/wp\/v2\/product_tag?post=3982"}],"curies":[{"name":"wp","href":"https:\/\/api.w.org\/{rel}","templated":true}]}}