{"id":30528,"date":"2024-02-26T15:11:18","date_gmt":"2024-02-26T14:11:18","guid":{"rendered":"https:\/\/doll.shop\/produkt\/wm-doll-marie-claire-156-cm\/"},"modified":"2026-03-11T04:19:00","modified_gmt":"2026-03-11T03:19:00","slug":"wm-doll-marie-claire-156-cm","status":"publish","type":"product","link":"https:\/\/doll.shop\/de\/produkt\/wm-doll-marie-claire-156-cm\/","title":{"rendered":"WM Doll Marie-Claire | 156 cm"},"content":{"rendered":"","protected":false},"excerpt":{"rendered":"<p>Das ist Marie-Claire von WM Doll, eine verf\u00fchrerische 156 cm gro\u00dfe Br\u00fcnette mit sch\u00f6nen Kurven. Ihre vollen H\u00fcften, festen Oberschenkel, runden Pobacken und gro\u00dfen Br\u00fcste laden zu verf\u00fchrerischen Ber\u00fchrungen ein. Marie-Claire ist aus herrlich weichem thermoplastischem Elastomer (TPE) gefertigt und f\u00fchlt sich lebensecht an. Mit einem stabilen Premium-Skelett ist sie von Kopf bis Fu\u00df beweglich und kann sitzen, liegen und stehen. Worauf warten Sie noch? Erleben Sie den ultimativen Luxus mit Marie-Claire!<\/p>\n","protected":false},"featured_media":30359,"comment_status":"open","ping_status":"closed","template":"","meta":[],"product_brand":[1405],"product_cat":[16,74],"product_tag":[],"class_list":{"0":"post-30528","1":"product","2":"type-product","3":"status-publish","4":"has-post-thumbnail","6":"product_brand-wm-doll","7":"product_cat-sexpuppen","8":"product_cat-wm-doll","9":"pa_brand-wm-doll","11":"first","12":"onbackorder","13":"taxable","14":"shipping-taxable","15":"purchasable","16":"product-type-simple"},"_links":{"self":[{"href":"https:\/\/doll.shop\/de\/wp-json\/wp\/v2\/product\/30528","targetHints":{"allow":["GET"]}}],"collection":[{"href":"https:\/\/doll.shop\/de\/wp-json\/wp\/v2\/product"}],"about":[{"href":"https:\/\/doll.shop\/de\/wp-json\/wp\/v2\/types\/product"}],"replies":[{"embeddable":true,"href":"https:\/\/doll.shop\/de\/wp-json\/wp\/v2\/comments?post=30528"}],"wp:featuredmedia":[{"embeddable":true,"href":"https:\/\/doll.shop\/de\/wp-json\/wp\/v2\/media\/30359"}],"wp:attachment":[{"href":"https:\/\/doll.shop\/de\/wp-json\/wp\/v2\/media?parent=30528"}],"wp:term":[{"taxonomy":"product_brand","embeddable":true,"href":"https:\/\/doll.shop\/de\/wp-json\/wp\/v2\/product_brand?post=30528"},{"taxonomy":"product_cat","embeddable":true,"href":"https:\/\/doll.shop\/de\/wp-json\/wp\/v2\/product_cat?post=30528"},{"taxonomy":"product_tag","embeddable":true,"href":"https:\/\/doll.shop\/de\/wp-json\/wp\/v2\/product_tag?post=30528"}],"curies":[{"name":"wp","href":"https:\/\/api.w.org\/{rel}","templated":true}]}}