{"id":30526,"date":"2024-02-26T15:53:13","date_gmt":"2024-02-26T14:53:13","guid":{"rendered":"https:\/\/doll.shop\/produkt\/wm-doll-lais-156-cm\/"},"modified":"2026-03-11T04:09:27","modified_gmt":"2026-03-11T03:09:27","slug":"wm-doll-lais-156-cm","status":"publish","type":"product","link":"https:\/\/doll.shop\/de\/produkt\/wm-doll-lais-156-cm\/","title":{"rendered":"WM Doll Lais | 156 cm"},"content":{"rendered":"","protected":false},"excerpt":{"rendered":"<p>WM Doll Lais, die ultimative Verf\u00fchrung. Diese Sexpuppe besteht aus Ultra Premium Elastomer (TPE). Sie bietet Realismus und enge K\u00f6rper\u00f6ffnungen f\u00fcr intensive Empfindungen. Ihr starkes Innenskelett und der Fu\u00df mit Standfunktion sorgen f\u00fcr m\u00fchelose Positionswechsel und Stabilit\u00e4t. Die Gel-Br\u00fcste bieten ein unvergleichlich nat\u00fcrliches Gef\u00fchl. Mit einem Echtheitszertifikat k\u00f6nnen Sie sich der Haltbarkeit und Qualit\u00e4t sicher sein. Da die Sexpuppe in einem neutralen Karton verpackt ist, ist ihre Anonymit\u00e4t gew\u00e4hrleistet. Wonach sehnen Sie sich noch?<\/p>\n","protected":false},"featured_media":30472,"comment_status":"open","ping_status":"closed","template":"","meta":[],"product_brand":[1405],"product_cat":[16,74],"product_tag":[],"class_list":{"0":"post-30526","1":"product","2":"type-product","3":"status-publish","4":"has-post-thumbnail","6":"product_brand-wm-doll","7":"product_cat-sexpuppen","8":"product_cat-wm-doll","9":"pa_brand-wm-doll","11":"first","12":"onbackorder","13":"taxable","14":"shipping-taxable","15":"purchasable","16":"product-type-simple"},"_links":{"self":[{"href":"https:\/\/doll.shop\/de\/wp-json\/wp\/v2\/product\/30526","targetHints":{"allow":["GET"]}}],"collection":[{"href":"https:\/\/doll.shop\/de\/wp-json\/wp\/v2\/product"}],"about":[{"href":"https:\/\/doll.shop\/de\/wp-json\/wp\/v2\/types\/product"}],"replies":[{"embeddable":true,"href":"https:\/\/doll.shop\/de\/wp-json\/wp\/v2\/comments?post=30526"}],"wp:featuredmedia":[{"embeddable":true,"href":"https:\/\/doll.shop\/de\/wp-json\/wp\/v2\/media\/30472"}],"wp:attachment":[{"href":"https:\/\/doll.shop\/de\/wp-json\/wp\/v2\/media?parent=30526"}],"wp:term":[{"taxonomy":"product_brand","embeddable":true,"href":"https:\/\/doll.shop\/de\/wp-json\/wp\/v2\/product_brand?post=30526"},{"taxonomy":"product_cat","embeddable":true,"href":"https:\/\/doll.shop\/de\/wp-json\/wp\/v2\/product_cat?post=30526"},{"taxonomy":"product_tag","embeddable":true,"href":"https:\/\/doll.shop\/de\/wp-json\/wp\/v2\/product_tag?post=30526"}],"curies":[{"name":"wp","href":"https:\/\/api.w.org\/{rel}","templated":true}]}}